{"id":15,"date":"2020-01-16T08:57:29","date_gmt":"2020-01-16T08:57:29","guid":{"rendered":"https:\/\/mirandoacuenca.es\/index.php\/confirmacion-de-reserva\/transaction-failed\/"},"modified":"2020-01-21T15:44:04","modified_gmt":"2020-01-21T15:44:04","slug":"transaction-failed","status":"publish","type":"page","link":"https:\/\/mirandoacuenca.es\/index.php\/confirmacion-de-reserva\/transaction-failed\/","title":{"rendered":"Transacci\u00f3n Fallida"},"content":{"rendered":"<p>Lamentablemente, su transacci\u00f3n no ha podido ser completada en este momento. Por favor int\u00e9ntelo de nuevo m\u00e1s tarde o contacte con nosotros.<\/p>\n","protected":false},"excerpt":{"rendered":"<p>Lamentablemente, su transacci\u00f3n no ha podido ser completada en este momento. Por favor int\u00e9ntelo de nuevo m\u00e1s tarde o contacte con nosotros.<\/p>\n","protected":false},"author":1,"featured_media":0,"parent":11,"menu_order":0,"comment_status":"closed","ping_status":"closed","template":"","meta":{"footnotes":""},"yoast_head":"<!-- This site is optimized with the Yoast SEO plugin v22.9 - https:\/\/yoast.com\/wordpress\/plugins\/seo\/ -->\n<title>Transacci\u00f3n Fallida - Alquiler Apartamento Tur\u00edstico Casco hist\u00f3rico de Cuenca<\/title>\n<meta name=\"robots\" content=\"index, follow, max-snippet:-1, max-image-preview:large, max-video-preview:-1\" \/>\n<link rel=\"canonical\" href=\"https:\/\/mirandoacuenca.es\/index.php\/confirmacion-de-reserva\/transaction-failed\/\" \/>\n<meta property=\"og:locale\" content=\"es_ES\" \/>\n<meta property=\"og:type\" content=\"article\" \/>\n<meta property=\"og:title\" content=\"Transacci\u00f3n Fallida - Alquiler Apartamento Tur\u00edstico Casco hist\u00f3rico de Cuenca\" \/>\n<meta property=\"og:description\" content=\"Lamentablemente, su transacci\u00f3n no ha podido ser completada en este momento. Por favor int\u00e9ntelo de nuevo m\u00e1s tarde o contacte con nosotros.\" \/>\n<meta property=\"og:url\" content=\"https:\/\/mirandoacuenca.es\/index.php\/confirmacion-de-reserva\/transaction-failed\/\" \/>\n<meta property=\"og:site_name\" content=\"Alquiler Apartamento Tur\u00edstico Casco hist\u00f3rico de Cuenca\" \/>\n<meta property=\"article:modified_time\" content=\"2020-01-21T15:44:04+00:00\" \/>\n<meta name=\"twitter:card\" content=\"summary_large_image\" \/>\n<script type=\"application\/ld+json\" class=\"yoast-schema-graph\">{\"@context\":\"https:\/\/schema.org\",\"@graph\":[{\"@type\":\"WebPage\",\"@id\":\"https:\/\/mirandoacuenca.es\/index.php\/confirmacion-de-reserva\/transaction-failed\/\",\"url\":\"https:\/\/mirandoacuenca.es\/index.php\/confirmacion-de-reserva\/transaction-failed\/\",\"name\":\"Transacci\u00f3n Fallida - Alquiler Apartamento Tur\u00edstico Casco hist\u00f3rico de Cuenca\",\"isPartOf\":{\"@id\":\"https:\/\/mirandoacuenca.es\/#website\"},\"datePublished\":\"2020-01-16T08:57:29+00:00\",\"dateModified\":\"2020-01-21T15:44:04+00:00\",\"breadcrumb\":{\"@id\":\"https:\/\/mirandoacuenca.es\/index.php\/confirmacion-de-reserva\/transaction-failed\/#breadcrumb\"},\"inLanguage\":\"es\",\"potentialAction\":[{\"@type\":\"ReadAction\",\"target\":[\"https:\/\/mirandoacuenca.es\/index.php\/confirmacion-de-reserva\/transaction-failed\/\"]}]},{\"@type\":\"BreadcrumbList\",\"@id\":\"https:\/\/mirandoacuenca.es\/index.php\/confirmacion-de-reserva\/transaction-failed\/#breadcrumb\",\"itemListElement\":[{\"@type\":\"ListItem\",\"position\":1,\"name\":\"Portada\",\"item\":\"https:\/\/mirandoacuenca.es\/\"},{\"@type\":\"ListItem\",\"position\":2,\"name\":\"Confirmaci\u00f3n de reserva\",\"item\":\"https:\/\/mirandoacuenca.es\/index.php\/confirmacion-de-reserva\/\"},{\"@type\":\"ListItem\",\"position\":3,\"name\":\"Transacci\u00f3n Fallida\"}]},{\"@type\":\"WebSite\",\"@id\":\"https:\/\/mirandoacuenca.es\/#website\",\"url\":\"https:\/\/mirandoacuenca.es\/\",\"name\":\"Alquiler Apartamento Tur\u00edstico Casco hist\u00f3rico de Cuenca\",\"description\":\"Just another WordPreAlquiler Apartamento Tur\u00edstico Casco hist\u00f3rico de Cuenca, Casa de alquiler en el casco antiguo de Cuenca especial para familias, vacaciones, por d\u00edas, alojamiento vacacional para fines de semana, puentes, Casa rural con Encanto y Acogedora, Casa en Plaza San Nicol\u00e1s y cerca de la catedral de Cuenca, las casas colgadas\",\"publisher\":{\"@id\":\"https:\/\/mirandoacuenca.es\/#organization\"},\"potentialAction\":[{\"@type\":\"SearchAction\",\"target\":{\"@type\":\"EntryPoint\",\"urlTemplate\":\"https:\/\/mirandoacuenca.es\/?s={search_term_string}\"},\"query-input\":\"required name=search_term_string\"}],\"inLanguage\":\"es\"},{\"@type\":\"Organization\",\"@id\":\"https:\/\/mirandoacuenca.es\/#organization\",\"name\":\"Alquiler Apartamento Tur\u00edstico Casco hist\u00f3rico de Cuenca\",\"url\":\"https:\/\/mirandoacuenca.es\/\",\"logo\":{\"@type\":\"ImageObject\",\"inLanguage\":\"es\",\"@id\":\"https:\/\/mirandoacuenca.es\/#\/schema\/logo\/image\/\",\"url\":\"https:\/\/mirandoacuenca.es\/wp-content\/uploads\/2020\/01\/cropped-logo-mirando-a-cuenca-negro.redimensionado.png\",\"contentUrl\":\"https:\/\/mirandoacuenca.es\/wp-content\/uploads\/2020\/01\/cropped-logo-mirando-a-cuenca-negro.redimensionado.png\",\"width\":128,\"height\":80,\"caption\":\"Alquiler Apartamento Tur\u00edstico Casco hist\u00f3rico de Cuenca \"},\"image\":{\"@id\":\"https:\/\/mirandoacuenca.es\/#\/schema\/logo\/image\/\"}}]}<\/script>\n<!-- \/ Yoast SEO plugin. -->","yoast_head_json":{"title":"Transacci\u00f3n Fallida - Alquiler Apartamento Tur\u00edstico Casco hist\u00f3rico de Cuenca","robots":{"index":"index","follow":"follow","max-snippet":"max-snippet:-1","max-image-preview":"max-image-preview:large","max-video-preview":"max-video-preview:-1"},"canonical":"https:\/\/mirandoacuenca.es\/index.php\/confirmacion-de-reserva\/transaction-failed\/","og_locale":"es_ES","og_type":"article","og_title":"Transacci\u00f3n Fallida - Alquiler Apartamento Tur\u00edstico Casco hist\u00f3rico de Cuenca","og_description":"Lamentablemente, su transacci\u00f3n no ha podido ser completada en este momento. Por favor int\u00e9ntelo de nuevo m\u00e1s tarde o contacte con nosotros.","og_url":"https:\/\/mirandoacuenca.es\/index.php\/confirmacion-de-reserva\/transaction-failed\/","og_site_name":"Alquiler Apartamento Tur\u00edstico Casco hist\u00f3rico de Cuenca","article_modified_time":"2020-01-21T15:44:04+00:00","twitter_card":"summary_large_image","schema":{"@context":"https:\/\/schema.org","@graph":[{"@type":"WebPage","@id":"https:\/\/mirandoacuenca.es\/index.php\/confirmacion-de-reserva\/transaction-failed\/","url":"https:\/\/mirandoacuenca.es\/index.php\/confirmacion-de-reserva\/transaction-failed\/","name":"Transacci\u00f3n Fallida - Alquiler Apartamento Tur\u00edstico Casco hist\u00f3rico de Cuenca","isPartOf":{"@id":"https:\/\/mirandoacuenca.es\/#website"},"datePublished":"2020-01-16T08:57:29+00:00","dateModified":"2020-01-21T15:44:04+00:00","breadcrumb":{"@id":"https:\/\/mirandoacuenca.es\/index.php\/confirmacion-de-reserva\/transaction-failed\/#breadcrumb"},"inLanguage":"es","potentialAction":[{"@type":"ReadAction","target":["https:\/\/mirandoacuenca.es\/index.php\/confirmacion-de-reserva\/transaction-failed\/"]}]},{"@type":"BreadcrumbList","@id":"https:\/\/mirandoacuenca.es\/index.php\/confirmacion-de-reserva\/transaction-failed\/#breadcrumb","itemListElement":[{"@type":"ListItem","position":1,"name":"Portada","item":"https:\/\/mirandoacuenca.es\/"},{"@type":"ListItem","position":2,"name":"Confirmaci\u00f3n de reserva","item":"https:\/\/mirandoacuenca.es\/index.php\/confirmacion-de-reserva\/"},{"@type":"ListItem","position":3,"name":"Transacci\u00f3n Fallida"}]},{"@type":"WebSite","@id":"https:\/\/mirandoacuenca.es\/#website","url":"https:\/\/mirandoacuenca.es\/","name":"Alquiler Apartamento Tur\u00edstico Casco hist\u00f3rico de Cuenca","description":"Just another WordPreAlquiler Apartamento Tur\u00edstico Casco hist\u00f3rico de Cuenca, Casa de alquiler en el casco antiguo de Cuenca especial para familias, vacaciones, por d\u00edas, alojamiento vacacional para fines de semana, puentes, Casa rural con Encanto y Acogedora, Casa en Plaza San Nicol\u00e1s y cerca de la catedral de Cuenca, las casas colgadas","publisher":{"@id":"https:\/\/mirandoacuenca.es\/#organization"},"potentialAction":[{"@type":"SearchAction","target":{"@type":"EntryPoint","urlTemplate":"https:\/\/mirandoacuenca.es\/?s={search_term_string}"},"query-input":"required name=search_term_string"}],"inLanguage":"es"},{"@type":"Organization","@id":"https:\/\/mirandoacuenca.es\/#organization","name":"Alquiler Apartamento Tur\u00edstico Casco hist\u00f3rico de Cuenca","url":"https:\/\/mirandoacuenca.es\/","logo":{"@type":"ImageObject","inLanguage":"es","@id":"https:\/\/mirandoacuenca.es\/#\/schema\/logo\/image\/","url":"https:\/\/mirandoacuenca.es\/wp-content\/uploads\/2020\/01\/cropped-logo-mirando-a-cuenca-negro.redimensionado.png","contentUrl":"https:\/\/mirandoacuenca.es\/wp-content\/uploads\/2020\/01\/cropped-logo-mirando-a-cuenca-negro.redimensionado.png","width":128,"height":80,"caption":"Alquiler Apartamento Tur\u00edstico Casco hist\u00f3rico de Cuenca "},"image":{"@id":"https:\/\/mirandoacuenca.es\/#\/schema\/logo\/image\/"}}]}},"_links":{"self":[{"href":"https:\/\/mirandoacuenca.es\/index.php\/wp-json\/wp\/v2\/pages\/15"}],"collection":[{"href":"https:\/\/mirandoacuenca.es\/index.php\/wp-json\/wp\/v2\/pages"}],"about":[{"href":"https:\/\/mirandoacuenca.es\/index.php\/wp-json\/wp\/v2\/types\/page"}],"author":[{"embeddable":true,"href":"https:\/\/mirandoacuenca.es\/index.php\/wp-json\/wp\/v2\/users\/1"}],"replies":[{"embeddable":true,"href":"https:\/\/mirandoacuenca.es\/index.php\/wp-json\/wp\/v2\/comments?post=15"}],"version-history":[{"count":2,"href":"https:\/\/mirandoacuenca.es\/index.php\/wp-json\/wp\/v2\/pages\/15\/revisions"}],"predecessor-version":[{"id":1132,"href":"https:\/\/mirandoacuenca.es\/index.php\/wp-json\/wp\/v2\/pages\/15\/revisions\/1132"}],"up":[{"embeddable":true,"href":"https:\/\/mirandoacuenca.es\/index.php\/wp-json\/wp\/v2\/pages\/11"}],"wp:attachment":[{"href":"https:\/\/mirandoacuenca.es\/index.php\/wp-json\/wp\/v2\/media?parent=15"}],"curies":[{"name":"wp","href":"https:\/\/api.w.org\/{rel}","templated":true}]}}