{"id":231,"date":"2018-06-12T07:18:52","date_gmt":"2018-06-12T07:18:52","guid":{"rendered":"https:\/\/themes.getmotopress.com\/alpenhouse\/?page_id=231"},"modified":"2021-01-19T12:31:40","modified_gmt":"2021-01-19T12:31:40","slug":"contactar-con-el-apartamento-turistico-mirando-a-cuenca","status":"publish","type":"page","link":"https:\/\/mirandoacuenca.es\/index.php\/contactar-con-el-apartamento-turistico-mirando-a-cuenca\/","title":{"rendered":"Contacto"},"content":{"rendered":"\t\t<div data-elementor-type=\"wp-page\" data-elementor-id=\"231\" class=\"elementor elementor-231\">\n\t\t\t\t\t\t<section class=\"elementor-section elementor-top-section elementor-element elementor-element-53ce4b1a elementor-section-boxed elementor-section-height-default elementor-section-height-default\" data-id=\"53ce4b1a\" data-element_type=\"section\">\n\t\t\t\t\t\t<div class=\"elementor-container elementor-column-gap-wider\">\n\t\t\t\t\t<div class=\"elementor-column elementor-col-50 elementor-top-column elementor-element elementor-element-2b561988\" data-id=\"2b561988\" data-element_type=\"column\">\n\t\t\t<div class=\"elementor-widget-wrap elementor-element-populated\">\n\t\t\t\t\t\t<div class=\"elementor-element elementor-element-53e98d83 elementor-widget elementor-widget-heading\" data-id=\"53e98d83\" data-element_type=\"widget\" data-widget_type=\"heading.default\">\n\t\t\t\t<div class=\"elementor-widget-container\">\n\t\t\t<h2 class=\"elementor-heading-title elementor-size-default\">Contactar con el apartamento tur\u00edstico mirandoacuenca.es<\/h2>\t\t<\/div>\n\t\t\t\t<\/div>\n\t\t\t\t<div class=\"elementor-element elementor-element-33012670 elementor-widget elementor-widget-image\" data-id=\"33012670\" data-element_type=\"widget\" data-widget_type=\"image.default\">\n\t\t\t\t<div class=\"elementor-widget-container\">\n\t\t\t\t\t\t\t\t\t\t\t\t\t\t<a href=\"https:\/\/mirandoacuenca.es\/index.php\/accommodation\/mirando-a-cuenca\/\">\n\t\t\t\t\t\t\t<img fetchpriority=\"high\" decoding=\"async\" width=\"288\" height=\"300\" src=\"https:\/\/mirandoacuenca.es\/wp-content\/uploads\/2020\/01\/foto-azu-1-288x300.jpg\" class=\"attachment-medium size-medium wp-image-977\" alt=\"foto Azucena propietaria casa\" srcset=\"https:\/\/mirandoacuenca.es\/wp-content\/uploads\/2020\/01\/foto-azu-1-288x300.jpg 288w, https:\/\/mirandoacuenca.es\/wp-content\/uploads\/2020\/01\/foto-azu-1-405x421.jpg 405w, https:\/\/mirandoacuenca.es\/wp-content\/uploads\/2020\/01\/foto-azu-1.jpg 744w\" sizes=\"(max-width: 288px) 100vw, 288px\" \/>\t\t\t\t\t\t\t\t<\/a>\n\t\t\t\t\t\t\t\t\t\t\t\t\t<\/div>\n\t\t\t\t<\/div>\n\t\t\t\t<div class=\"elementor-element elementor-element-6f32d74e elementor-widget elementor-widget-text-editor\" data-id=\"6f32d74e\" data-element_type=\"widget\" data-widget_type=\"text-editor.default\">\n\t\t\t\t<div class=\"elementor-widget-container\">\n\t\t\t\t\t\t\t<p data-ga-id=\"property\"><span style=\"background-color: transparent;\">Contactar con el apartamento tur\u00edstico mirandoacuenca.es<\/span><\/p><p data-ga-id=\"property\"><span style=\"background-color: transparent; font-size: 1rem;\">Hola, Soy Azucena, propietaria de la casa y estoy disponible para cualquier necesidad que tengais antes, durante y despu\u00e9s de vuestra visita a Cuenca.\u00a0<\/span><\/p><p data-ga-id=\"property\"><span style=\"background-color: transparent; font-size: 1rem;\">Por favor,.. previamente a la entrada enviadnos las fotocopias de DNI de todos los mayores de 18 a\u00f1os que se alojen en la casa para poder dar de alta en los datos de la polic\u00eda.<\/span><\/p><p data-ga-id=\"neighbourhood\">La casa est\u00e1 en el coraz\u00f3n del casco antiguo de Cuenca declarado Patrimonio de la Humanidad por la Unesco en 1996. Desde la misma casa tienes paseos incre\u00edbles por sus estrechas callejuelas, plazas, miradores y rascacielos medievales que llevan m\u00e1s de 500 a\u00f1os desafiando a la gravedad sobre las paredes de roca de las hoces formadas por los r\u00edos J\u00facar y Hu\u00e9car, perfecta combinaci\u00f3n entre naturaleza, cultura e historia.\u00a0<\/p><p data-ga-id=\"neighbourhood\">Desde all\u00ed tambi\u00e9n pod\u00e9is iniciar maravillosa rutas de senderismo. La casa est\u00e1 situada en una plaza muy tranquila y segura, rodeada de restaurantes donde degustar comida t\u00edpica de la zona y de tiendas donde adquirir productos t\u00edpicos.\u00a0<\/p><p data-ga-id=\"neighbourhood\">Las famosas casas colgadas, la catedral y los museos est\u00e1n todos a pocos metros y ser\u00e1n una visita perfecta para toda la familia.<\/p><p data-ga-id=\"neighbourhood\">\u00a0<\/p>\t\t\t\t\t\t<\/div>\n\t\t\t\t<\/div>\n\t\t\t\t<div class=\"elementor-element elementor-element-052bdb6 elementor-mobile-align-justify elementor-align-center elementor-widget elementor-widget-button\" data-id=\"052bdb6\" data-element_type=\"widget\" data-widget_type=\"button.default\">\n\t\t\t\t<div class=\"elementor-widget-container\">\n\t\t\t\t\t<div class=\"elementor-button-wrapper\">\n\t\t\t<a class=\"elementor-button elementor-button-link elementor-size-md\" href=\"https:\/\/mirandoacuenca.es\/index.php\/accommodation\/mirando-a-cuenca\/\">\n\t\t\t\t\t\t<span class=\"elementor-button-content-wrapper\">\n\t\t\t\t\t\t\t\t\t<span class=\"elementor-button-text\">Disponibilidad y reservas<\/span>\n\t\t\t\t\t<\/span>\n\t\t\t\t\t<\/a>\n\t\t<\/div>\n\t\t\t\t<\/div>\n\t\t\t\t<\/div>\n\t\t\t\t\t<\/div>\n\t\t<\/div>\n\t\t\t\t<div class=\"elementor-column elementor-col-50 elementor-top-column elementor-element elementor-element-8e4b0a6\" data-id=\"8e4b0a6\" data-element_type=\"column\">\n\t\t\t<div class=\"elementor-widget-wrap elementor-element-populated\">\n\t\t\t\t\t\t<div class=\"elementor-element elementor-element-4777eeb0 elementor-widget elementor-widget-heading\" data-id=\"4777eeb0\" data-element_type=\"widget\" data-widget_type=\"heading.default\">\n\t\t\t\t<div class=\"elementor-widget-container\">\n\t\t\t<h2 class=\"elementor-heading-title elementor-size-default\">\u00bfPuedo ayudarte?<\/h2>\t\t<\/div>\n\t\t\t\t<\/div>\n\t\t\t\t<div class=\"elementor-element elementor-element-642c121b elementor-widget elementor-widget-shortcode\" data-id=\"642c121b\" data-element_type=\"widget\" data-widget_type=\"shortcode.default\">\n\t\t\t\t<div class=\"elementor-widget-container\">\n\t\t\t\t\t<div class=\"elementor-shortcode\"><p class=\"wpcf7-contact-form-not-found\"><strong>Error:<\/strong> Formulario de contacto no encontrado.<\/p><\/div>\n\t\t\t\t<\/div>\n\t\t\t\t<\/div>\n\t\t\t\t<div class=\"elementor-element elementor-element-6b8e73c4 elementor-icon-list--layout-traditional elementor-list-item-link-full_width elementor-widget elementor-widget-icon-list\" data-id=\"6b8e73c4\" data-element_type=\"widget\" data-widget_type=\"icon-list.default\">\n\t\t\t\t<div class=\"elementor-widget-container\">\n\t\t\t\t\t<ul class=\"elementor-icon-list-items\">\n\t\t\t\t\t\t\t<li class=\"elementor-icon-list-item\">\n\t\t\t\t\t\t\t\t\t\t\t<span class=\"elementor-icon-list-icon\">\n\t\t\t\t\t\t\t<i aria-hidden=\"true\" class=\"fas fa-map-marker-alt\"><\/i>\t\t\t\t\t\t<\/span>\n\t\t\t\t\t\t\t\t\t\t<span class=\"elementor-icon-list-text\">Plaza de San Nicolas, N\u00ba 2, 2\u00ba Derecha. 16001 Cuenca<\/span>\n\t\t\t\t\t\t\t\t\t<\/li>\n\t\t\t\t\t\t\t\t<li class=\"elementor-icon-list-item\">\n\t\t\t\t\t\t\t\t\t\t\t<span class=\"elementor-icon-list-icon\">\n\t\t\t\t\t\t\t<i aria-hidden=\"true\" class=\"fas fa-phone\"><\/i>\t\t\t\t\t\t<\/span>\n\t\t\t\t\t\t\t\t\t\t<span class=\"elementor-icon-list-text\">+34 627 53 99 94 <br>+34 628 74 65 11<\/span>\n\t\t\t\t\t\t\t\t\t<\/li>\n\t\t\t\t\t\t\t\t<li class=\"elementor-icon-list-item\">\n\t\t\t\t\t\t\t\t\t\t\t<a href=\"mailto:info@mirandoacuenca.es\">\n\n\t\t\t\t\t\t\t\t\t\t\t\t<span class=\"elementor-icon-list-icon\">\n\t\t\t\t\t\t\t<i aria-hidden=\"true\" class=\"fas fa-paper-plane\"><\/i>\t\t\t\t\t\t<\/span>\n\t\t\t\t\t\t\t\t\t\t<span class=\"elementor-icon-list-text\">info@mirandoacuenca.es<\/span>\n\t\t\t\t\t\t\t\t\t\t\t<\/a>\n\t\t\t\t\t\t\t\t\t<\/li>\n\t\t\t\t\t\t<\/ul>\n\t\t\t\t<\/div>\n\t\t\t\t<\/div>\n\t\t\t\t<div class=\"elementor-element elementor-element-6f5e9f56 elementor-shape-circle e-grid-align-left elementor-grid-0 elementor-widget elementor-widget-social-icons\" data-id=\"6f5e9f56\" data-element_type=\"widget\" data-widget_type=\"social-icons.default\">\n\t\t\t\t<div class=\"elementor-widget-container\">\n\t\t\t\t\t<div class=\"elementor-social-icons-wrapper elementor-grid\">\n\t\t\t\t\t\t\t<span class=\"elementor-grid-item\">\n\t\t\t\t\t<a class=\"elementor-icon elementor-social-icon elementor-social-icon-instagram elementor-repeater-item-a801cd0\" href=\"https:\/\/www.instagram.com\/mirandoacuenca.es\/?hl=es\" target=\"_blank\">\n\t\t\t\t\t\t<span class=\"elementor-screen-only\">Instagram<\/span>\n\t\t\t\t\t\t<i class=\"fab fa-instagram\"><\/i>\t\t\t\t\t<\/a>\n\t\t\t\t<\/span>\n\t\t\t\t\t\t\t<span class=\"elementor-grid-item\">\n\t\t\t\t\t<a class=\"elementor-icon elementor-social-icon elementor-social-icon-facebook-f elementor-repeater-item-cec66aa\" href=\"https:\/\/www.facebook.com\/mirandoacuenca.es\/\" target=\"_blank\">\n\t\t\t\t\t\t<span class=\"elementor-screen-only\">Facebook-f<\/span>\n\t\t\t\t\t\t<i class=\"fab fa-facebook-f\"><\/i>\t\t\t\t\t<\/a>\n\t\t\t\t<\/span>\n\t\t\t\t\t\t\t<span class=\"elementor-grid-item\">\n\t\t\t\t\t<a class=\"elementor-icon elementor-social-icon elementor-social-icon-tripadvisor elementor-repeater-item-6c0dd02\" href=\"https:\/\/www.tripadvisor.es\/Attraction_Review-g262065-d534521-Reviews-Catedral_De_Cuenca-Cuenca_Province_of_Cuenca_Castile_La_Mancha.html?m=19905\" target=\"_blank\">\n\t\t\t\t\t\t<span class=\"elementor-screen-only\">Tripadvisor<\/span>\n\t\t\t\t\t\t<i class=\"fab fa-tripadvisor\"><\/i>\t\t\t\t\t<\/a>\n\t\t\t\t<\/span>\n\t\t\t\t\t<\/div>\n\t\t\t\t<\/div>\n\t\t\t\t<\/div>\n\t\t\t\t\t<\/div>\n\t\t<\/div>\n\t\t\t\t\t<\/div>\n\t\t<\/section>\n\t\t\t\t<section class=\"elementor-section elementor-top-section elementor-element elementor-element-8a7760a elementor-section-boxed elementor-section-height-default elementor-section-height-default\" data-id=\"8a7760a\" data-element_type=\"section\">\n\t\t\t\t\t\t<div class=\"elementor-container elementor-column-gap-default\">\n\t\t\t\t\t<div class=\"elementor-column elementor-col-100 elementor-top-column elementor-element elementor-element-94a4d04\" data-id=\"94a4d04\" data-element_type=\"column\">\n\t\t\t<div class=\"elementor-widget-wrap elementor-element-populated\">\n\t\t\t\t\t\t<div class=\"elementor-element elementor-element-6c5ce0e elementor-widget elementor-widget-google_maps\" data-id=\"6c5ce0e\" data-element_type=\"widget\" data-widget_type=\"google_maps.default\">\n\t\t\t\t<div class=\"elementor-widget-container\">\n\t\t\t\t\t<div class=\"elementor-custom-embed\">\n\t\t\t<iframe loading=\"lazy\"\n\t\t\t\t\tsrc=\"https:\/\/maps.google.com\/maps?q=mirandoacuenca.es&#038;t=m&#038;z=18&#038;output=embed&#038;iwloc=near\"\n\t\t\t\t\ttitle=\"mirandoacuenca.es\"\n\t\t\t\t\taria-label=\"mirandoacuenca.es\"\n\t\t\t><\/iframe>\n\t\t<\/div>\n\t\t\t\t<\/div>\n\t\t\t\t<\/div>\n\t\t\t\t\t<\/div>\n\t\t<\/div>\n\t\t\t\t\t<\/div>\n\t\t<\/section>\n\t\t\t\t<section class=\"elementor-section elementor-top-section elementor-element elementor-element-7001518 elementor-section-boxed elementor-section-height-default elementor-section-height-default\" data-id=\"7001518\" data-element_type=\"section\">\n\t\t\t\t\t\t<div class=\"elementor-container elementor-column-gap-default\">\n\t\t\t\t\t<div class=\"elementor-column elementor-col-100 elementor-top-column elementor-element elementor-element-91f566e\" data-id=\"91f566e\" data-element_type=\"column\">\n\t\t\t<div class=\"elementor-widget-wrap elementor-element-populated\">\n\t\t\t\t\t\t<div class=\"elementor-element elementor-element-d88e812 elementor-widget-divider--separator-type-pattern elementor-widget-divider--view-line elementor-widget elementor-widget-divider\" data-id=\"d88e812\" data-element_type=\"widget\" data-widget_type=\"divider.default\">\n\t\t\t\t<div class=\"elementor-widget-container\">\n\t\t\t\t\t<div class=\"elementor-divider\" style=\"--divider-pattern-url: url(&quot;data:image\/svg+xml,%3Csvg xmlns=&#039;http:\/\/www.w3.org\/2000\/svg&#039; preserveAspectRatio=&#039;none&#039; overflow=&#039;visible&#039; height=&#039;100%&#039; viewBox=&#039;0 0 24 24&#039; fill=&#039;black&#039; stroke=&#039;none&#039;%3E%3Cpolygon points=&#039;9.4,2 24,2 14.6,21.6 0,21.6&#039;\/%3E%3C\/svg%3E&quot;);\">\n\t\t\t<span class=\"elementor-divider-separator\">\n\t\t\t\t\t\t<\/span>\n\t\t<\/div>\n\t\t\t\t<\/div>\n\t\t\t\t<\/div>\n\t\t\t\t<div class=\"elementor-element elementor-element-14a13fe elementor-widget elementor-widget-text-editor\" data-id=\"14a13fe\" data-element_type=\"widget\" data-widget_type=\"text-editor.default\">\n\t\t\t\t<div class=\"elementor-widget-container\">\n\t\t\t\t\t\t\t<p>En esta pagina web os queremos informar sobre las preguntas mas frecuentes:<\/p>\n<p>Como&nbsp;llegar a nuestra vivienda tur\u00edstica mirandoacuenca.es.<\/p>\n<p>Que hacer en Cuenca con o sin ni\u00f1os, que ver en Cuenca para un fin de semana o para estancias mas largas, si quereis aventura en Cuenca que empresas os podemos recomendar.<\/p>\n<p>Informacion sobre los transportes mas comunes como trenes a Cuenca o autobuses, donde comer en Cuenca barato o no tan barato<\/p>\n<p>\u00bfNo tienes planes para este fin de semana o puente? \u00bfBuscas una ciudad donde hacer turismo? Vente a Cuenca e inst\u00e1late en nuestro apartamento tur\u00edstico.<\/p>\n<p>Descubre los secretos de la ciudad de Cuenca, rincones con historia, Naturaleza, Gastronomia senderismo, Arte, M\u00fasica,etc.<\/p>\n<p>Todo esto y mucho mas, qu\u00e9date a dormir en nuestra casa estar\u00e9is muy c\u00f3modos ya que la casa esta en el mismo coraz\u00f3n del casco antiguo, donde alojarse a unos escasos metros de la catedral y de las casas colgadas es una realidad.<\/p>\n<p>La reformamos hace unos meses combinando antiguos y nuevos materiales y respetando las identidades arquitect\u00f3nicas locales.<\/p>\n<p>Contactar con el apartamento tur\u00edstico mirandoacuenca.es<\/p>\n<p>La comodidad sin renunciar a un precio asequible y al alcance de todos los bolsillos,<\/p>\n<p>Mirando a cuenca es una vivienda tur\u00edstica con precios muy competitivos, donde dormir en cuenca por un precio barato.<\/p>\t\t\t\t\t\t<\/div>\n\t\t\t\t<\/div>\n\t\t\t\t\t<\/div>\n\t\t<\/div>\n\t\t\t\t\t<\/div>\n\t\t<\/section>\n\t\t\t\t<\/div>\n\t\t","protected":false},"excerpt":{"rendered":"<p>Contactar con el apartamento tur\u00edstico mirandoacuenca.es Contactar con el apartamento tur\u00edstico mirandoacuenca.es Hola, Soy Azucena, propietaria de la casa y estoy disponible para cualquier necesidad que tengais antes, durante y despu\u00e9s de vuestra visita a Cuenca.\u00a0 Por favor,.. previamente a la entrada enviadnos las fotocopias de DNI de todos los mayores de 18 a\u00f1os que [&hellip;]<\/p>\n","protected":false},"author":1,"featured_media":0,"parent":0,"menu_order":0,"comment_status":"closed","ping_status":"closed","template":"template-full-width.php","meta":{"footnotes":""},"yoast_head":"<!-- This site is optimized with the Yoast SEO plugin v22.9 - https:\/\/yoast.com\/wordpress\/plugins\/seo\/ -->\n<title>Contactar con el apartamento tur\u00edstico mirandoacuenca.es<\/title>\n<meta name=\"description\" content=\"Contactar con el apartamento tur\u00edstico mirandoacuenca.es, por whatsapp, email, telefono, estamos disponibles todos los dias del a\u00f1o\" \/>\n<meta name=\"robots\" content=\"index, follow, max-snippet:-1, max-image-preview:large, max-video-preview:-1\" \/>\n<link rel=\"canonical\" href=\"https:\/\/mirandoacuenca.es\/index.php\/contactar-con-el-apartamento-turistico-mirando-a-cuenca\/\" \/>\n<meta property=\"og:locale\" content=\"es_ES\" \/>\n<meta property=\"og:type\" content=\"article\" \/>\n<meta property=\"og:title\" content=\"Contactar con el apartamento tur\u00edstico mirandoacuenca.es\" \/>\n<meta property=\"og:description\" content=\"Contactar con el apartamento tur\u00edstico mirandoacuenca.es, por whatsapp, email, telefono, estamos disponibles todos los dias del a\u00f1o\" \/>\n<meta property=\"og:url\" content=\"https:\/\/mirandoacuenca.es\/index.php\/contactar-con-el-apartamento-turistico-mirando-a-cuenca\/\" \/>\n<meta property=\"og:site_name\" content=\"Alquiler Apartamento Tur\u00edstico Casco hist\u00f3rico de Cuenca\" \/>\n<meta property=\"article:modified_time\" content=\"2021-01-19T12:31:40+00:00\" \/>\n<meta property=\"og:image\" content=\"https:\/\/mirandoacuenca.es\/wp-content\/uploads\/2020\/01\/foto-azu-1-288x300.jpg\" \/>\n<meta name=\"twitter:card\" content=\"summary_large_image\" \/>\n<meta name=\"twitter:label1\" content=\"Tiempo de lectura\" \/>\n\t<meta name=\"twitter:data1\" content=\"3 minutos\" \/>\n<script type=\"application\/ld+json\" class=\"yoast-schema-graph\">{\"@context\":\"https:\/\/schema.org\",\"@graph\":[{\"@type\":\"WebPage\",\"@id\":\"https:\/\/mirandoacuenca.es\/index.php\/contactar-con-el-apartamento-turistico-mirando-a-cuenca\/\",\"url\":\"https:\/\/mirandoacuenca.es\/index.php\/contactar-con-el-apartamento-turistico-mirando-a-cuenca\/\",\"name\":\"Contactar con el apartamento tur\u00edstico mirandoacuenca.es\",\"isPartOf\":{\"@id\":\"https:\/\/mirandoacuenca.es\/#website\"},\"primaryImageOfPage\":{\"@id\":\"https:\/\/mirandoacuenca.es\/index.php\/contactar-con-el-apartamento-turistico-mirando-a-cuenca\/#primaryimage\"},\"image\":{\"@id\":\"https:\/\/mirandoacuenca.es\/index.php\/contactar-con-el-apartamento-turistico-mirando-a-cuenca\/#primaryimage\"},\"thumbnailUrl\":\"https:\/\/mirandoacuenca.es\/wp-content\/uploads\/2020\/01\/foto-azu-1-288x300.jpg\",\"datePublished\":\"2018-06-12T07:18:52+00:00\",\"dateModified\":\"2021-01-19T12:31:40+00:00\",\"description\":\"Contactar con el apartamento tur\u00edstico mirandoacuenca.es, por whatsapp, email, telefono, estamos disponibles todos los dias del a\u00f1o\",\"breadcrumb\":{\"@id\":\"https:\/\/mirandoacuenca.es\/index.php\/contactar-con-el-apartamento-turistico-mirando-a-cuenca\/#breadcrumb\"},\"inLanguage\":\"es\",\"potentialAction\":[{\"@type\":\"ReadAction\",\"target\":[\"https:\/\/mirandoacuenca.es\/index.php\/contactar-con-el-apartamento-turistico-mirando-a-cuenca\/\"]}]},{\"@type\":\"ImageObject\",\"inLanguage\":\"es\",\"@id\":\"https:\/\/mirandoacuenca.es\/index.php\/contactar-con-el-apartamento-turistico-mirando-a-cuenca\/#primaryimage\",\"url\":\"https:\/\/mirandoacuenca.es\/wp-content\/uploads\/2020\/01\/foto-azu-1.jpg\",\"contentUrl\":\"https:\/\/mirandoacuenca.es\/wp-content\/uploads\/2020\/01\/foto-azu-1.jpg\",\"width\":744,\"height\":774,\"caption\":\"propietaria apartamento turistico mirandoacuenca.es\"},{\"@type\":\"BreadcrumbList\",\"@id\":\"https:\/\/mirandoacuenca.es\/index.php\/contactar-con-el-apartamento-turistico-mirando-a-cuenca\/#breadcrumb\",\"itemListElement\":[{\"@type\":\"ListItem\",\"position\":1,\"name\":\"Portada\",\"item\":\"https:\/\/mirandoacuenca.es\/\"},{\"@type\":\"ListItem\",\"position\":2,\"name\":\"Contacto\"}]},{\"@type\":\"WebSite\",\"@id\":\"https:\/\/mirandoacuenca.es\/#website\",\"url\":\"https:\/\/mirandoacuenca.es\/\",\"name\":\"Alquiler Apartamento Tur\u00edstico Casco hist\u00f3rico de Cuenca\",\"description\":\"Just another WordPreAlquiler Apartamento Tur\u00edstico Casco hist\u00f3rico de Cuenca, Casa de alquiler en el casco antiguo de Cuenca especial para familias, vacaciones, por d\u00edas, alojamiento vacacional para fines de semana, puentes, Casa rural con Encanto y Acogedora, Casa en Plaza San Nicol\u00e1s y cerca de la catedral de Cuenca, las casas colgadas\",\"publisher\":{\"@id\":\"https:\/\/mirandoacuenca.es\/#organization\"},\"potentialAction\":[{\"@type\":\"SearchAction\",\"target\":{\"@type\":\"EntryPoint\",\"urlTemplate\":\"https:\/\/mirandoacuenca.es\/?s={search_term_string}\"},\"query-input\":\"required name=search_term_string\"}],\"inLanguage\":\"es\"},{\"@type\":\"Organization\",\"@id\":\"https:\/\/mirandoacuenca.es\/#organization\",\"name\":\"Alquiler Apartamento Tur\u00edstico Casco hist\u00f3rico de Cuenca\",\"url\":\"https:\/\/mirandoacuenca.es\/\",\"logo\":{\"@type\":\"ImageObject\",\"inLanguage\":\"es\",\"@id\":\"https:\/\/mirandoacuenca.es\/#\/schema\/logo\/image\/\",\"url\":\"https:\/\/mirandoacuenca.es\/wp-content\/uploads\/2020\/01\/cropped-logo-mirando-a-cuenca-negro.redimensionado.png\",\"contentUrl\":\"https:\/\/mirandoacuenca.es\/wp-content\/uploads\/2020\/01\/cropped-logo-mirando-a-cuenca-negro.redimensionado.png\",\"width\":128,\"height\":80,\"caption\":\"Alquiler Apartamento Tur\u00edstico Casco hist\u00f3rico de Cuenca \"},\"image\":{\"@id\":\"https:\/\/mirandoacuenca.es\/#\/schema\/logo\/image\/\"}}]}<\/script>\n<!-- \/ Yoast SEO plugin. -->","yoast_head_json":{"title":"Contactar con el apartamento tur\u00edstico mirandoacuenca.es","description":"Contactar con el apartamento tur\u00edstico mirandoacuenca.es, por whatsapp, email, telefono, estamos disponibles todos los dias del a\u00f1o","robots":{"index":"index","follow":"follow","max-snippet":"max-snippet:-1","max-image-preview":"max-image-preview:large","max-video-preview":"max-video-preview:-1"},"canonical":"https:\/\/mirandoacuenca.es\/index.php\/contactar-con-el-apartamento-turistico-mirando-a-cuenca\/","og_locale":"es_ES","og_type":"article","og_title":"Contactar con el apartamento tur\u00edstico mirandoacuenca.es","og_description":"Contactar con el apartamento tur\u00edstico mirandoacuenca.es, por whatsapp, email, telefono, estamos disponibles todos los dias del a\u00f1o","og_url":"https:\/\/mirandoacuenca.es\/index.php\/contactar-con-el-apartamento-turistico-mirando-a-cuenca\/","og_site_name":"Alquiler Apartamento Tur\u00edstico Casco hist\u00f3rico de Cuenca","article_modified_time":"2021-01-19T12:31:40+00:00","og_image":[{"url":"https:\/\/mirandoacuenca.es\/wp-content\/uploads\/2020\/01\/foto-azu-1-288x300.jpg"}],"twitter_card":"summary_large_image","twitter_misc":{"Tiempo de lectura":"3 minutos"},"schema":{"@context":"https:\/\/schema.org","@graph":[{"@type":"WebPage","@id":"https:\/\/mirandoacuenca.es\/index.php\/contactar-con-el-apartamento-turistico-mirando-a-cuenca\/","url":"https:\/\/mirandoacuenca.es\/index.php\/contactar-con-el-apartamento-turistico-mirando-a-cuenca\/","name":"Contactar con el apartamento tur\u00edstico mirandoacuenca.es","isPartOf":{"@id":"https:\/\/mirandoacuenca.es\/#website"},"primaryImageOfPage":{"@id":"https:\/\/mirandoacuenca.es\/index.php\/contactar-con-el-apartamento-turistico-mirando-a-cuenca\/#primaryimage"},"image":{"@id":"https:\/\/mirandoacuenca.es\/index.php\/contactar-con-el-apartamento-turistico-mirando-a-cuenca\/#primaryimage"},"thumbnailUrl":"https:\/\/mirandoacuenca.es\/wp-content\/uploads\/2020\/01\/foto-azu-1-288x300.jpg","datePublished":"2018-06-12T07:18:52+00:00","dateModified":"2021-01-19T12:31:40+00:00","description":"Contactar con el apartamento tur\u00edstico mirandoacuenca.es, por whatsapp, email, telefono, estamos disponibles todos los dias del a\u00f1o","breadcrumb":{"@id":"https:\/\/mirandoacuenca.es\/index.php\/contactar-con-el-apartamento-turistico-mirando-a-cuenca\/#breadcrumb"},"inLanguage":"es","potentialAction":[{"@type":"ReadAction","target":["https:\/\/mirandoacuenca.es\/index.php\/contactar-con-el-apartamento-turistico-mirando-a-cuenca\/"]}]},{"@type":"ImageObject","inLanguage":"es","@id":"https:\/\/mirandoacuenca.es\/index.php\/contactar-con-el-apartamento-turistico-mirando-a-cuenca\/#primaryimage","url":"https:\/\/mirandoacuenca.es\/wp-content\/uploads\/2020\/01\/foto-azu-1.jpg","contentUrl":"https:\/\/mirandoacuenca.es\/wp-content\/uploads\/2020\/01\/foto-azu-1.jpg","width":744,"height":774,"caption":"propietaria apartamento turistico mirandoacuenca.es"},{"@type":"BreadcrumbList","@id":"https:\/\/mirandoacuenca.es\/index.php\/contactar-con-el-apartamento-turistico-mirando-a-cuenca\/#breadcrumb","itemListElement":[{"@type":"ListItem","position":1,"name":"Portada","item":"https:\/\/mirandoacuenca.es\/"},{"@type":"ListItem","position":2,"name":"Contacto"}]},{"@type":"WebSite","@id":"https:\/\/mirandoacuenca.es\/#website","url":"https:\/\/mirandoacuenca.es\/","name":"Alquiler Apartamento Tur\u00edstico Casco hist\u00f3rico de Cuenca","description":"Just another WordPreAlquiler Apartamento Tur\u00edstico Casco hist\u00f3rico de Cuenca, Casa de alquiler en el casco antiguo de Cuenca especial para familias, vacaciones, por d\u00edas, alojamiento vacacional para fines de semana, puentes, Casa rural con Encanto y Acogedora, Casa en Plaza San Nicol\u00e1s y cerca de la catedral de Cuenca, las casas colgadas","publisher":{"@id":"https:\/\/mirandoacuenca.es\/#organization"},"potentialAction":[{"@type":"SearchAction","target":{"@type":"EntryPoint","urlTemplate":"https:\/\/mirandoacuenca.es\/?s={search_term_string}"},"query-input":"required name=search_term_string"}],"inLanguage":"es"},{"@type":"Organization","@id":"https:\/\/mirandoacuenca.es\/#organization","name":"Alquiler Apartamento Tur\u00edstico Casco hist\u00f3rico de Cuenca","url":"https:\/\/mirandoacuenca.es\/","logo":{"@type":"ImageObject","inLanguage":"es","@id":"https:\/\/mirandoacuenca.es\/#\/schema\/logo\/image\/","url":"https:\/\/mirandoacuenca.es\/wp-content\/uploads\/2020\/01\/cropped-logo-mirando-a-cuenca-negro.redimensionado.png","contentUrl":"https:\/\/mirandoacuenca.es\/wp-content\/uploads\/2020\/01\/cropped-logo-mirando-a-cuenca-negro.redimensionado.png","width":128,"height":80,"caption":"Alquiler Apartamento Tur\u00edstico Casco hist\u00f3rico de Cuenca "},"image":{"@id":"https:\/\/mirandoacuenca.es\/#\/schema\/logo\/image\/"}}]}},"_links":{"self":[{"href":"https:\/\/mirandoacuenca.es\/index.php\/wp-json\/wp\/v2\/pages\/231"}],"collection":[{"href":"https:\/\/mirandoacuenca.es\/index.php\/wp-json\/wp\/v2\/pages"}],"about":[{"href":"https:\/\/mirandoacuenca.es\/index.php\/wp-json\/wp\/v2\/types\/page"}],"author":[{"embeddable":true,"href":"https:\/\/mirandoacuenca.es\/index.php\/wp-json\/wp\/v2\/users\/1"}],"replies":[{"embeddable":true,"href":"https:\/\/mirandoacuenca.es\/index.php\/wp-json\/wp\/v2\/comments?post=231"}],"version-history":[{"count":68,"href":"https:\/\/mirandoacuenca.es\/index.php\/wp-json\/wp\/v2\/pages\/231\/revisions"}],"predecessor-version":[{"id":3270,"href":"https:\/\/mirandoacuenca.es\/index.php\/wp-json\/wp\/v2\/pages\/231\/revisions\/3270"}],"wp:attachment":[{"href":"https:\/\/mirandoacuenca.es\/index.php\/wp-json\/wp\/v2\/media?parent=231"}],"curies":[{"name":"wp","href":"https:\/\/api.w.org\/{rel}","templated":true}]}}