{"id":431,"date":"2018-06-12T11:47:52","date_gmt":"2018-06-12T11:47:52","guid":{"rendered":"https:\/\/themes.getmotopress.com\/alpenhouse\/?page_id=431"},"modified":"2021-01-21T11:41:28","modified_gmt":"2021-01-21T11:41:28","slug":"alojamiento-turistico-mirandoacuenca-es-condiciones-de-reserva","status":"publish","type":"page","link":"https:\/\/mirandoacuenca.es\/index.php\/alojamiento-turistico-mirandoacuenca-es-condiciones-de-reserva\/","title":{"rendered":"Condiciones de reserva"},"content":{"rendered":"\t\t<div data-elementor-type=\"wp-page\" data-elementor-id=\"431\" class=\"elementor elementor-431\">\n\t\t\t\t\t\t<section class=\"elementor-section elementor-top-section elementor-element elementor-element-907869a elementor-section-boxed elementor-section-height-default elementor-section-height-default\" data-id=\"907869a\" data-element_type=\"section\">\n\t\t\t\t\t\t<div class=\"elementor-container elementor-column-gap-default\">\n\t\t\t\t\t<div class=\"elementor-column elementor-col-100 elementor-top-column elementor-element elementor-element-6c54b0f\" data-id=\"6c54b0f\" data-element_type=\"column\">\n\t\t\t<div class=\"elementor-widget-wrap elementor-element-populated\">\n\t\t\t\t\t\t<div class=\"elementor-element elementor-element-253fe41 elementor-widget elementor-widget-spacer\" data-id=\"253fe41\" data-element_type=\"widget\" data-widget_type=\"spacer.default\">\n\t\t\t\t<div class=\"elementor-widget-container\">\n\t\t\t\t\t<div class=\"elementor-spacer\">\n\t\t\t<div class=\"elementor-spacer-inner\"><\/div>\n\t\t<\/div>\n\t\t\t\t<\/div>\n\t\t\t\t<\/div>\n\t\t\t\t<div class=\"elementor-element elementor-element-f2f666f elementor-widget elementor-widget-heading\" data-id=\"f2f666f\" data-element_type=\"widget\" data-widget_type=\"heading.default\">\n\t\t\t\t<div class=\"elementor-widget-container\">\n\t\t\t<h2 class=\"elementor-heading-title elementor-size-default\">Alojamiento tur\u00edstico mirandoacuenca.es condiciones de reserva<\/h2>\t\t<\/div>\n\t\t\t\t<\/div>\n\t\t\t\t<div class=\"elementor-element elementor-element-96ba24d elementor-widget elementor-widget-text-editor\" data-id=\"96ba24d\" data-element_type=\"widget\" data-widget_type=\"text-editor.default\">\n\t\t\t\t<div class=\"elementor-widget-container\">\n\t\t\t\t\t\t\t<p><strong>1. Reservas:\u00a0 \u00a0\u00a0<\/strong><\/p><p>La reserva se har\u00e1 efectiva mediante nuestra web del 100% del total de la estancia, + 35\u20ac por estancia en concepto de limpieza.<\/p><p><strong style=\"font-size: 1rem;\">2. Horarios:<\/strong><\/p><p>Salida: Antes de las\u00a0<strong>12:00<\/strong>,<\/p><p>Entrada: A partir de las\u00a0<strong>15:00<\/strong>,<\/p><p>Estos horarios son flexibles, si las circunstancias del alojamiento nos permiten prestar los servicios de limpieza y recepci\u00f3n en otros horarios, cons\u00faltenos su caso concreto y le informaremos<\/p><p><strong>3. Admisi\u00f3n:<\/strong><\/p><p>Una vez realizada la reserva, enviadnos por email a info@mirandoacuenca.es o por whatsapp al 627539994 fotograf\u00edas de los DNI de todas las personas mayores de 16 a\u00f1os, seg\u00fan art 1 del Decreto 1513\/1959 de 18 de Agosto, datos solicitados por la Guardia Civil.<\/p><p><strong style=\"font-size: 1rem;\">4. Anulaci\u00f3n:<\/strong><\/p><p>La cantidad abonada supone el pago de los d\u00edas y usuarios indicados exclusivamente para la Vivienda turistica Mirando a Cuenca.es. Como tal, la estancia es completa o no es.<br \/>Si el cliente renuncia al disfrute de alguno de los d\u00edas\u00a0reservados, no tendr\u00e1 derecho ninguno a devoluci\u00f3n del importe de dichas noches.<\/p><p>Si se produce anulaci\u00f3n el cliente deber\u00e1 indemnizar al hotelero por cancelaci\u00f3n de contrato, en concepto del perjuicio ocasionado en caso del incumplimiento del cliente, seg\u00fan las condiciones de nuestrapol\u00edtica de cancelaci\u00f3n \u00a0de reserva (punto 5)<\/p><p><strong style=\"font-size: 1rem;\">5. Cancelaci\u00f3n de reserva<\/strong><\/p><p>Las condiciones de cancelaci\u00f3n de la\u00a0reserva son las que se detallan a continuaci\u00f3n:<\/p><p>El cliente tiene derecho a cancelar su reserva en cualquier momento. No obstante, tal y como indica el art\u00edculo 8.1 del Decreto 143\/2002, de 14 de noviembre, de alojamientos de\u00a0turismo rural, del Gobierno de Castilla La Mancha, la propiedad se reserva el derecho a retener, en concepto de indemnizaci\u00f3n por los da\u00f1os causados, la cantidad equivalente a la primera noche de la reserva:<\/p><p>-Si la cancelaci\u00f3n se realiza con m\u00e1s de 7 d\u00edas de antelaci\u00f3n , la reserva se devolver\u00e1 integra. 0% de retenci\u00f3n\u00a0<span style=\"background-color: transparent; font-size: 1rem;\">excepto Puentes\/Semana Santa \/Navidad que seran 14 dias de antelacion.<\/span><\/p><p>\u2013 Si la cancelaci\u00f3n se realiza con una antelaci\u00f3n menor de 7 d\u00edas en cualquier periodo del a\u00f1o, el 100% de retenci\u00f3n<\/p><p>La propiedad se reserva hacer entrega de un Cheque Regalo del importe de la\u00a0Reserva, o cambiar fechas de reserva seg\u00fan disponibilidad. De todas formas desde la gerencia de Mirando a Cuenca.es, siempre se intentar\u00e1 buscar la soluci\u00f3n que menos perjudique a ambas partes.<\/p><p>Puedes hacer tu reserva ahora y cancelarla gratis hasta 7 dias antes de la llegada.<br \/>Aumentamos a 14 dias en el caso de los Puentes\/Semana Santa\/ Navidad.<\/p><p><strong style=\"font-size: 1rem;\">6.Da\u00f1os y Fianza<\/strong><\/p><p>El cliente se har\u00e1 cargo de los posibles da\u00f1os causados por negligencia o mal uso y los costes de su reposici\u00f3n.<\/p><p>Si as\u00ed se considerara, se pedir\u00e1 una fianza antes de la entrada del cliente, que se devolver\u00e1 una vez hecha la limpieza final.<\/p><p>Se requiere de los inquilinos un uso responsable de las instalaciones. Ante evidencias de vandalismo o uso imprudente de las mismas, el propietario se\u00a0reserva\u00a0el derecho a dar por finalizado el contrato de alquiler en cualquier momento, debiendo los inquilinos abandonar las instalaciones inmediatamente.<\/p><p><strong>7.Plazas<\/strong><\/p><p>No se podr\u00e1 exceder la capacidad contratada del alojamiento. En cualquier caso nunca la capacidad autorizada.<\/p><p>No est\u00e1 permitida la estancia o pernocta de otras personas que no sean las que han alquilado la casa salvo autorizaci\u00f3n expresa del propietario<\/p><p><strong style=\"font-size: 1rem;\">8. Animales<\/strong><\/p><p>No se admiten animales.<\/p><p><strong>10.Otros<\/strong><\/p><p>No se admiten despedidas de soltero\/a.<\/p><p>Los propietarios de Mirando a Cuenca no se hacen responsables del comportamiento y\/o actuaciones de los inquilinos.<\/p><p>El establecimiento tiene\u00a0reservado el derecho de admisi\u00f3n.<\/p><p><strong style=\"font-size: 1rem;\">11.Protecci\u00f3n de Datos.<\/strong><\/p><p>Los datos personales ser\u00e1n incorporados a un fichero de car\u00e1cter personal, cuya finalidad es el mejor funcionamiento del servicio de alojamiento.<\/p><p>En cualquier momento puede el cliente. ejercer sus derechos de acceso, rectificaci\u00f3n o cancelaci\u00f3n en relaci\u00f3n con dichos datos, dirigiendo su solicitud a la direcci\u00f3n del titular de los ficheros.<\/p><p>Puede contactar con nosotros para cualquier consulta mediante el formulario de \u00a0<a href=\"https:\/\/mirandoacuenca.es\/index.php\/contacto\/\">contacto<\/a>, por email info@mirandoacuenca.es o por telf. \/ WhatsApp +34 627539994<\/p>\t\t\t\t\t\t<\/div>\n\t\t\t\t<\/div>\n\t\t\t\t\t<\/div>\n\t\t<\/div>\n\t\t\t\t\t<\/div>\n\t\t<\/section>\n\t\t\t\t<\/div>\n\t\t","protected":false},"excerpt":{"rendered":"<p>1. Reservas:&nbsp; &nbsp;&nbsp; La reserva se har\u00e1 efectiva mediante nuestra web del 100% del total de la estancia, + 35\u20ac por estancia en concepto de limpieza. 2. Horarios: Salida: Antes de las&nbsp;12:00, Entrada: A partir de las&nbsp;15:00, Estos horarios son flexibles, si las circunstancias del alojamiento nos permiten prestar los servicios de limpieza y recepci\u00f3n [&hellip;]<\/p>\n","protected":false},"author":1,"featured_media":0,"parent":0,"menu_order":0,"comment_status":"closed","ping_status":"closed","template":"template-boxed.php","meta":{"footnotes":""},"yoast_head":"<!-- This site is optimized with the Yoast SEO plugin v22.9 - https:\/\/yoast.com\/wordpress\/plugins\/seo\/ -->\n<title>Alojamiento tur\u00edstico mirandoacuenca.es condiciones de reserva<\/title>\n<meta name=\"description\" content=\"Alojamiento tur\u00edstico mirandoacuenca.es condiciones de reserva. Informaci\u00f3n sobre nuestra vivienda tur\u00edstica en el casco antiguo de Cuenca.\" \/>\n<meta name=\"robots\" content=\"index, follow, max-snippet:-1, max-image-preview:large, max-video-preview:-1\" \/>\n<link rel=\"canonical\" href=\"https:\/\/mirandoacuenca.es\/index.php\/alojamiento-turistico-mirandoacuenca-es-condiciones-de-reserva\/\" \/>\n<meta property=\"og:locale\" content=\"es_ES\" \/>\n<meta property=\"og:type\" content=\"article\" \/>\n<meta property=\"og:title\" content=\"Alojamiento tur\u00edstico mirandoacuenca.es condiciones de reserva\" \/>\n<meta property=\"og:description\" content=\"Alojamiento tur\u00edstico mirandoacuenca.es condiciones de reserva. Informaci\u00f3n sobre nuestra vivienda tur\u00edstica en el casco antiguo de Cuenca.\" \/>\n<meta property=\"og:url\" content=\"https:\/\/mirandoacuenca.es\/index.php\/alojamiento-turistico-mirandoacuenca-es-condiciones-de-reserva\/\" \/>\n<meta property=\"og:site_name\" content=\"Alquiler Apartamento Tur\u00edstico Casco hist\u00f3rico de Cuenca\" \/>\n<meta property=\"article:modified_time\" content=\"2021-01-21T11:41:28+00:00\" \/>\n<meta name=\"twitter:card\" content=\"summary_large_image\" \/>\n<meta name=\"twitter:label1\" content=\"Tiempo de lectura\" \/>\n\t<meta name=\"twitter:data1\" content=\"3 minutos\" \/>\n<script type=\"application\/ld+json\" class=\"yoast-schema-graph\">{\"@context\":\"https:\/\/schema.org\",\"@graph\":[{\"@type\":\"WebPage\",\"@id\":\"https:\/\/mirandoacuenca.es\/index.php\/alojamiento-turistico-mirandoacuenca-es-condiciones-de-reserva\/\",\"url\":\"https:\/\/mirandoacuenca.es\/index.php\/alojamiento-turistico-mirandoacuenca-es-condiciones-de-reserva\/\",\"name\":\"Alojamiento tur\u00edstico mirandoacuenca.es condiciones de reserva\",\"isPartOf\":{\"@id\":\"https:\/\/mirandoacuenca.es\/#website\"},\"datePublished\":\"2018-06-12T11:47:52+00:00\",\"dateModified\":\"2021-01-21T11:41:28+00:00\",\"description\":\"Alojamiento tur\u00edstico mirandoacuenca.es condiciones de reserva. Informaci\u00f3n sobre nuestra vivienda tur\u00edstica en el casco antiguo de Cuenca.\",\"breadcrumb\":{\"@id\":\"https:\/\/mirandoacuenca.es\/index.php\/alojamiento-turistico-mirandoacuenca-es-condiciones-de-reserva\/#breadcrumb\"},\"inLanguage\":\"es\",\"potentialAction\":[{\"@type\":\"ReadAction\",\"target\":[\"https:\/\/mirandoacuenca.es\/index.php\/alojamiento-turistico-mirandoacuenca-es-condiciones-de-reserva\/\"]}]},{\"@type\":\"BreadcrumbList\",\"@id\":\"https:\/\/mirandoacuenca.es\/index.php\/alojamiento-turistico-mirandoacuenca-es-condiciones-de-reserva\/#breadcrumb\",\"itemListElement\":[{\"@type\":\"ListItem\",\"position\":1,\"name\":\"Portada\",\"item\":\"https:\/\/mirandoacuenca.es\/\"},{\"@type\":\"ListItem\",\"position\":2,\"name\":\"Condiciones de reserva\"}]},{\"@type\":\"WebSite\",\"@id\":\"https:\/\/mirandoacuenca.es\/#website\",\"url\":\"https:\/\/mirandoacuenca.es\/\",\"name\":\"Alquiler Apartamento Tur\u00edstico Casco hist\u00f3rico de Cuenca\",\"description\":\"Just another WordPreAlquiler Apartamento Tur\u00edstico Casco hist\u00f3rico de Cuenca, Casa de alquiler en el casco antiguo de Cuenca especial para familias, vacaciones, por d\u00edas, alojamiento vacacional para fines de semana, puentes, Casa rural con Encanto y Acogedora, Casa en Plaza San Nicol\u00e1s y cerca de la catedral de Cuenca, las casas colgadas\",\"publisher\":{\"@id\":\"https:\/\/mirandoacuenca.es\/#organization\"},\"potentialAction\":[{\"@type\":\"SearchAction\",\"target\":{\"@type\":\"EntryPoint\",\"urlTemplate\":\"https:\/\/mirandoacuenca.es\/?s={search_term_string}\"},\"query-input\":\"required name=search_term_string\"}],\"inLanguage\":\"es\"},{\"@type\":\"Organization\",\"@id\":\"https:\/\/mirandoacuenca.es\/#organization\",\"name\":\"Alquiler Apartamento Tur\u00edstico Casco hist\u00f3rico de Cuenca\",\"url\":\"https:\/\/mirandoacuenca.es\/\",\"logo\":{\"@type\":\"ImageObject\",\"inLanguage\":\"es\",\"@id\":\"https:\/\/mirandoacuenca.es\/#\/schema\/logo\/image\/\",\"url\":\"https:\/\/mirandoacuenca.es\/wp-content\/uploads\/2020\/01\/cropped-logo-mirando-a-cuenca-negro.redimensionado.png\",\"contentUrl\":\"https:\/\/mirandoacuenca.es\/wp-content\/uploads\/2020\/01\/cropped-logo-mirando-a-cuenca-negro.redimensionado.png\",\"width\":128,\"height\":80,\"caption\":\"Alquiler Apartamento Tur\u00edstico Casco hist\u00f3rico de Cuenca \"},\"image\":{\"@id\":\"https:\/\/mirandoacuenca.es\/#\/schema\/logo\/image\/\"}}]}<\/script>\n<!-- \/ Yoast SEO plugin. -->","yoast_head_json":{"title":"Alojamiento tur\u00edstico mirandoacuenca.es condiciones de reserva","description":"Alojamiento tur\u00edstico mirandoacuenca.es condiciones de reserva. Informaci\u00f3n sobre nuestra vivienda tur\u00edstica en el casco antiguo de Cuenca.","robots":{"index":"index","follow":"follow","max-snippet":"max-snippet:-1","max-image-preview":"max-image-preview:large","max-video-preview":"max-video-preview:-1"},"canonical":"https:\/\/mirandoacuenca.es\/index.php\/alojamiento-turistico-mirandoacuenca-es-condiciones-de-reserva\/","og_locale":"es_ES","og_type":"article","og_title":"Alojamiento tur\u00edstico mirandoacuenca.es condiciones de reserva","og_description":"Alojamiento tur\u00edstico mirandoacuenca.es condiciones de reserva. Informaci\u00f3n sobre nuestra vivienda tur\u00edstica en el casco antiguo de Cuenca.","og_url":"https:\/\/mirandoacuenca.es\/index.php\/alojamiento-turistico-mirandoacuenca-es-condiciones-de-reserva\/","og_site_name":"Alquiler Apartamento Tur\u00edstico Casco hist\u00f3rico de Cuenca","article_modified_time":"2021-01-21T11:41:28+00:00","twitter_card":"summary_large_image","twitter_misc":{"Tiempo de lectura":"3 minutos"},"schema":{"@context":"https:\/\/schema.org","@graph":[{"@type":"WebPage","@id":"https:\/\/mirandoacuenca.es\/index.php\/alojamiento-turistico-mirandoacuenca-es-condiciones-de-reserva\/","url":"https:\/\/mirandoacuenca.es\/index.php\/alojamiento-turistico-mirandoacuenca-es-condiciones-de-reserva\/","name":"Alojamiento tur\u00edstico mirandoacuenca.es condiciones de reserva","isPartOf":{"@id":"https:\/\/mirandoacuenca.es\/#website"},"datePublished":"2018-06-12T11:47:52+00:00","dateModified":"2021-01-21T11:41:28+00:00","description":"Alojamiento tur\u00edstico mirandoacuenca.es condiciones de reserva. Informaci\u00f3n sobre nuestra vivienda tur\u00edstica en el casco antiguo de Cuenca.","breadcrumb":{"@id":"https:\/\/mirandoacuenca.es\/index.php\/alojamiento-turistico-mirandoacuenca-es-condiciones-de-reserva\/#breadcrumb"},"inLanguage":"es","potentialAction":[{"@type":"ReadAction","target":["https:\/\/mirandoacuenca.es\/index.php\/alojamiento-turistico-mirandoacuenca-es-condiciones-de-reserva\/"]}]},{"@type":"BreadcrumbList","@id":"https:\/\/mirandoacuenca.es\/index.php\/alojamiento-turistico-mirandoacuenca-es-condiciones-de-reserva\/#breadcrumb","itemListElement":[{"@type":"ListItem","position":1,"name":"Portada","item":"https:\/\/mirandoacuenca.es\/"},{"@type":"ListItem","position":2,"name":"Condiciones de reserva"}]},{"@type":"WebSite","@id":"https:\/\/mirandoacuenca.es\/#website","url":"https:\/\/mirandoacuenca.es\/","name":"Alquiler Apartamento Tur\u00edstico Casco hist\u00f3rico de Cuenca","description":"Just another WordPreAlquiler Apartamento Tur\u00edstico Casco hist\u00f3rico de Cuenca, Casa de alquiler en el casco antiguo de Cuenca especial para familias, vacaciones, por d\u00edas, alojamiento vacacional para fines de semana, puentes, Casa rural con Encanto y Acogedora, Casa en Plaza San Nicol\u00e1s y cerca de la catedral de Cuenca, las casas colgadas","publisher":{"@id":"https:\/\/mirandoacuenca.es\/#organization"},"potentialAction":[{"@type":"SearchAction","target":{"@type":"EntryPoint","urlTemplate":"https:\/\/mirandoacuenca.es\/?s={search_term_string}"},"query-input":"required name=search_term_string"}],"inLanguage":"es"},{"@type":"Organization","@id":"https:\/\/mirandoacuenca.es\/#organization","name":"Alquiler Apartamento Tur\u00edstico Casco hist\u00f3rico de Cuenca","url":"https:\/\/mirandoacuenca.es\/","logo":{"@type":"ImageObject","inLanguage":"es","@id":"https:\/\/mirandoacuenca.es\/#\/schema\/logo\/image\/","url":"https:\/\/mirandoacuenca.es\/wp-content\/uploads\/2020\/01\/cropped-logo-mirando-a-cuenca-negro.redimensionado.png","contentUrl":"https:\/\/mirandoacuenca.es\/wp-content\/uploads\/2020\/01\/cropped-logo-mirando-a-cuenca-negro.redimensionado.png","width":128,"height":80,"caption":"Alquiler Apartamento Tur\u00edstico Casco hist\u00f3rico de Cuenca "},"image":{"@id":"https:\/\/mirandoacuenca.es\/#\/schema\/logo\/image\/"}}]}},"_links":{"self":[{"href":"https:\/\/mirandoacuenca.es\/index.php\/wp-json\/wp\/v2\/pages\/431"}],"collection":[{"href":"https:\/\/mirandoacuenca.es\/index.php\/wp-json\/wp\/v2\/pages"}],"about":[{"href":"https:\/\/mirandoacuenca.es\/index.php\/wp-json\/wp\/v2\/types\/page"}],"author":[{"embeddable":true,"href":"https:\/\/mirandoacuenca.es\/index.php\/wp-json\/wp\/v2\/users\/1"}],"replies":[{"embeddable":true,"href":"https:\/\/mirandoacuenca.es\/index.php\/wp-json\/wp\/v2\/comments?post=431"}],"version-history":[{"count":21,"href":"https:\/\/mirandoacuenca.es\/index.php\/wp-json\/wp\/v2\/pages\/431\/revisions"}],"predecessor-version":[{"id":3462,"href":"https:\/\/mirandoacuenca.es\/index.php\/wp-json\/wp\/v2\/pages\/431\/revisions\/3462"}],"wp:attachment":[{"href":"https:\/\/mirandoacuenca.es\/index.php\/wp-json\/wp\/v2\/media?parent=431"}],"curies":[{"name":"wp","href":"https:\/\/api.w.org\/{rel}","templated":true}]}}