{"id":8,"date":"2020-01-16T08:57:28","date_gmt":"2020-01-16T08:57:28","guid":{"rendered":"https:\/\/mirandoacuenca.es\/index.php\/comodidades\/"},"modified":"2020-01-16T08:57:28","modified_gmt":"2020-01-16T08:57:28","slug":"comodidades","status":"publish","type":"page","link":"https:\/\/mirandoacuenca.es\/index.php\/comodidades\/","title":{"rendered":"Comodidades"},"content":{"rendered":"<div class=\"mphb_sc_rooms-wrapper mphb-room-types standard \">\n<div class=\"mphb-room-type post-794 mphb_room_type type-mphb_room_type status-publish mphb-room-type-adults-6 mphb-room-type-children-0 has-taxes-and-fees\">\n\n\t\n\t\n<h2 class=\"mphb-room-type-title entry-title\">\n\n<a class=\"mphb-room-type-title\" href=\"https:\/\/mirandoacuenca.es\/index.php\/accommodation\/vivienda-de-uso-turistico-de-alquiler\/\">Mirando a Cuenca<\/a>\n\n<\/h2>\n\n<p>Vivienda de uso tur\u00edstico de alquiler en el casco antiguo de Cuenca especial para familias , fines de semana , puentes , escapadas rom\u00e1nticas, alojamiento tur\u00edstico para vacaciones , situaci\u00f3n clave para el turismo de la ciudad y vistas a la Hoz del J\u00facar. Muy acogedor y cercano al parking de calle San Pedro, en [&hellip;]<\/p>\n\n\n<h3 class=\"mphb-room-type-details-title\">Detalles<\/h3><ul class=\"mphb-loop-room-type-attributes\">\n\n\n\t<li class=\"mphb-room-type-adults-capacity\"><span class=\"mphb-attribute-title mphb-adults-title\">Hu\u00e9spedes:<\/span><span class=\"mphb-attribute-value\">\n\t6\n\t<\/span><\/li>\n\t\n\n\n\n\t<li class=\"mphb-room-type-view\"><span class=\"mphb-attribute-title mphb-view-title\">Vista:<\/span><span class=\"mphb-attribute-value\">\n\tPRECIO 4 PERSONA 2 NOCHES = 210 \u20ac y PARA 6 PERSONAS = 310 \u20ac\n\t<\/span><\/li>\n\t\n\n\n\t<li class=\"mphb-room-type-size\"><span class=\"mphb-attribute-title mphb-size-title\">Tama\u00f1o:<\/span><span class=\"mphb-attribute-value\">\n\t80m\u00b2\n\t<\/span><\/li>\n\t\n\n\t<li class=\"mphb-room-type-bed-type\"><span  class=\"mphb-attribute-title mphb-bed-type-title\">Tipo de cama:<\/span><span class=\"mphb-attribute-value\">\n\t1 Cama de matrimonio, 2 camas individuales y 1 sof\u00e1 cama\n\t<\/span><\/li>\n\t\n\n<\/ul>\n\n\t<p class=\"mphb-regular-price\"><strong>Precio desde:<\/strong>\n\t<span class=\"mphb-price\">620<span class=\"mphb-currency\">&euro;<\/span><\/span> <span class=\"mphb-price-period\" title=\"Establezca las fechas para ver los precios adecuados\">por 4 noches<\/span><span class=\"mphb-tax-information taxes-included\"> (+impuestos y cargos)<\/span>\n\t<\/p>\n\t\n<p class=\"mphb-view-details-button-wrapper\">\n<a class=\"button mphb-view-details-button\" href=\"https:\/\/mirandoacuenca.es\/index.php\/accommodation\/vivienda-de-uso-turistico-de-alquiler\/\" >Ver detalles<\/a>\n<\/p>\n<div class=\"mphb-to-book-btn-wrapper\">\n<form action=\"https:\/\/mirandoacuenca.es\/index.php\/accommodation\/vivienda-de-uso-turistico-de-alquiler\/#booking-form-794\" method=\"get\" ><button type=\"submit\" class=\"button mphb-book-button\" >Hacer reserva<\/button><\/form>\n<br\/><\/div>\n\t\n<\/div>\n<\/div>\n","protected":false},"excerpt":{"rendered":"","protected":false},"author":1,"featured_media":0,"parent":0,"menu_order":0,"comment_status":"closed","ping_status":"closed","template":"","meta":{"footnotes":""},"yoast_head":"<!-- This site is optimized with the Yoast SEO plugin v22.9 - https:\/\/yoast.com\/wordpress\/plugins\/seo\/ -->\n<title>Comodidades - Alquiler Apartamento Tur\u00edstico Casco hist\u00f3rico de Cuenca<\/title>\n<meta name=\"robots\" content=\"index, follow, max-snippet:-1, max-image-preview:large, max-video-preview:-1\" \/>\n<link rel=\"canonical\" href=\"https:\/\/mirandoacuenca.es\/index.php\/comodidades\/\" \/>\n<meta property=\"og:locale\" content=\"es_ES\" \/>\n<meta property=\"og:type\" content=\"article\" \/>\n<meta property=\"og:title\" content=\"Comodidades - Alquiler Apartamento Tur\u00edstico Casco hist\u00f3rico de Cuenca\" \/>\n<meta property=\"og:url\" content=\"https:\/\/mirandoacuenca.es\/index.php\/comodidades\/\" \/>\n<meta property=\"og:site_name\" content=\"Alquiler Apartamento Tur\u00edstico Casco hist\u00f3rico de Cuenca\" \/>\n<meta name=\"twitter:card\" content=\"summary_large_image\" \/>\n<script type=\"application\/ld+json\" class=\"yoast-schema-graph\">{\"@context\":\"https:\/\/schema.org\",\"@graph\":[{\"@type\":\"WebPage\",\"@id\":\"https:\/\/mirandoacuenca.es\/index.php\/comodidades\/\",\"url\":\"https:\/\/mirandoacuenca.es\/index.php\/comodidades\/\",\"name\":\"Comodidades - Alquiler Apartamento Tur\u00edstico Casco hist\u00f3rico de Cuenca\",\"isPartOf\":{\"@id\":\"https:\/\/mirandoacuenca.es\/#website\"},\"datePublished\":\"2020-01-16T08:57:28+00:00\",\"dateModified\":\"2020-01-16T08:57:28+00:00\",\"breadcrumb\":{\"@id\":\"https:\/\/mirandoacuenca.es\/index.php\/comodidades\/#breadcrumb\"},\"inLanguage\":\"es\",\"potentialAction\":[{\"@type\":\"ReadAction\",\"target\":[\"https:\/\/mirandoacuenca.es\/index.php\/comodidades\/\"]}]},{\"@type\":\"BreadcrumbList\",\"@id\":\"https:\/\/mirandoacuenca.es\/index.php\/comodidades\/#breadcrumb\",\"itemListElement\":[{\"@type\":\"ListItem\",\"position\":1,\"name\":\"Portada\",\"item\":\"https:\/\/mirandoacuenca.es\/\"},{\"@type\":\"ListItem\",\"position\":2,\"name\":\"Comodidades\"}]},{\"@type\":\"WebSite\",\"@id\":\"https:\/\/mirandoacuenca.es\/#website\",\"url\":\"https:\/\/mirandoacuenca.es\/\",\"name\":\"Alquiler Apartamento Tur\u00edstico Casco hist\u00f3rico de Cuenca\",\"description\":\"Just another WordPreAlquiler Apartamento Tur\u00edstico Casco hist\u00f3rico de Cuenca, Casa de alquiler en el casco antiguo de Cuenca especial para familias, vacaciones, por d\u00edas, alojamiento vacacional para fines de semana, puentes, Casa rural con Encanto y Acogedora, Casa en Plaza San Nicol\u00e1s y cerca de la catedral de Cuenca, las casas colgadas\",\"publisher\":{\"@id\":\"https:\/\/mirandoacuenca.es\/#organization\"},\"potentialAction\":[{\"@type\":\"SearchAction\",\"target\":{\"@type\":\"EntryPoint\",\"urlTemplate\":\"https:\/\/mirandoacuenca.es\/?s={search_term_string}\"},\"query-input\":\"required name=search_term_string\"}],\"inLanguage\":\"es\"},{\"@type\":\"Organization\",\"@id\":\"https:\/\/mirandoacuenca.es\/#organization\",\"name\":\"Alquiler Apartamento Tur\u00edstico Casco hist\u00f3rico de Cuenca\",\"url\":\"https:\/\/mirandoacuenca.es\/\",\"logo\":{\"@type\":\"ImageObject\",\"inLanguage\":\"es\",\"@id\":\"https:\/\/mirandoacuenca.es\/#\/schema\/logo\/image\/\",\"url\":\"https:\/\/mirandoacuenca.es\/wp-content\/uploads\/2020\/01\/cropped-logo-mirando-a-cuenca-negro.redimensionado.png\",\"contentUrl\":\"https:\/\/mirandoacuenca.es\/wp-content\/uploads\/2020\/01\/cropped-logo-mirando-a-cuenca-negro.redimensionado.png\",\"width\":128,\"height\":80,\"caption\":\"Alquiler Apartamento Tur\u00edstico Casco hist\u00f3rico de Cuenca \"},\"image\":{\"@id\":\"https:\/\/mirandoacuenca.es\/#\/schema\/logo\/image\/\"}}]}<\/script>\n<!-- \/ Yoast SEO plugin. -->","yoast_head_json":{"title":"Comodidades - Alquiler Apartamento Tur\u00edstico Casco hist\u00f3rico de Cuenca","robots":{"index":"index","follow":"follow","max-snippet":"max-snippet:-1","max-image-preview":"max-image-preview:large","max-video-preview":"max-video-preview:-1"},"canonical":"https:\/\/mirandoacuenca.es\/index.php\/comodidades\/","og_locale":"es_ES","og_type":"article","og_title":"Comodidades - Alquiler Apartamento Tur\u00edstico Casco hist\u00f3rico de Cuenca","og_url":"https:\/\/mirandoacuenca.es\/index.php\/comodidades\/","og_site_name":"Alquiler Apartamento Tur\u00edstico Casco hist\u00f3rico de Cuenca","twitter_card":"summary_large_image","schema":{"@context":"https:\/\/schema.org","@graph":[{"@type":"WebPage","@id":"https:\/\/mirandoacuenca.es\/index.php\/comodidades\/","url":"https:\/\/mirandoacuenca.es\/index.php\/comodidades\/","name":"Comodidades - Alquiler Apartamento Tur\u00edstico Casco hist\u00f3rico de Cuenca","isPartOf":{"@id":"https:\/\/mirandoacuenca.es\/#website"},"datePublished":"2020-01-16T08:57:28+00:00","dateModified":"2020-01-16T08:57:28+00:00","breadcrumb":{"@id":"https:\/\/mirandoacuenca.es\/index.php\/comodidades\/#breadcrumb"},"inLanguage":"es","potentialAction":[{"@type":"ReadAction","target":["https:\/\/mirandoacuenca.es\/index.php\/comodidades\/"]}]},{"@type":"BreadcrumbList","@id":"https:\/\/mirandoacuenca.es\/index.php\/comodidades\/#breadcrumb","itemListElement":[{"@type":"ListItem","position":1,"name":"Portada","item":"https:\/\/mirandoacuenca.es\/"},{"@type":"ListItem","position":2,"name":"Comodidades"}]},{"@type":"WebSite","@id":"https:\/\/mirandoacuenca.es\/#website","url":"https:\/\/mirandoacuenca.es\/","name":"Alquiler Apartamento Tur\u00edstico Casco hist\u00f3rico de Cuenca","description":"Just another WordPreAlquiler Apartamento Tur\u00edstico Casco hist\u00f3rico de Cuenca, Casa de alquiler en el casco antiguo de Cuenca especial para familias, vacaciones, por d\u00edas, alojamiento vacacional para fines de semana, puentes, Casa rural con Encanto y Acogedora, Casa en Plaza San Nicol\u00e1s y cerca de la catedral de Cuenca, las casas colgadas","publisher":{"@id":"https:\/\/mirandoacuenca.es\/#organization"},"potentialAction":[{"@type":"SearchAction","target":{"@type":"EntryPoint","urlTemplate":"https:\/\/mirandoacuenca.es\/?s={search_term_string}"},"query-input":"required name=search_term_string"}],"inLanguage":"es"},{"@type":"Organization","@id":"https:\/\/mirandoacuenca.es\/#organization","name":"Alquiler Apartamento Tur\u00edstico Casco hist\u00f3rico de Cuenca","url":"https:\/\/mirandoacuenca.es\/","logo":{"@type":"ImageObject","inLanguage":"es","@id":"https:\/\/mirandoacuenca.es\/#\/schema\/logo\/image\/","url":"https:\/\/mirandoacuenca.es\/wp-content\/uploads\/2020\/01\/cropped-logo-mirando-a-cuenca-negro.redimensionado.png","contentUrl":"https:\/\/mirandoacuenca.es\/wp-content\/uploads\/2020\/01\/cropped-logo-mirando-a-cuenca-negro.redimensionado.png","width":128,"height":80,"caption":"Alquiler Apartamento Tur\u00edstico Casco hist\u00f3rico de Cuenca "},"image":{"@id":"https:\/\/mirandoacuenca.es\/#\/schema\/logo\/image\/"}}]}},"_links":{"self":[{"href":"https:\/\/mirandoacuenca.es\/index.php\/wp-json\/wp\/v2\/pages\/8"}],"collection":[{"href":"https:\/\/mirandoacuenca.es\/index.php\/wp-json\/wp\/v2\/pages"}],"about":[{"href":"https:\/\/mirandoacuenca.es\/index.php\/wp-json\/wp\/v2\/types\/page"}],"author":[{"embeddable":true,"href":"https:\/\/mirandoacuenca.es\/index.php\/wp-json\/wp\/v2\/users\/1"}],"replies":[{"embeddable":true,"href":"https:\/\/mirandoacuenca.es\/index.php\/wp-json\/wp\/v2\/comments?post=8"}],"version-history":[{"count":0,"href":"https:\/\/mirandoacuenca.es\/index.php\/wp-json\/wp\/v2\/pages\/8\/revisions"}],"wp:attachment":[{"href":"https:\/\/mirandoacuenca.es\/index.php\/wp-json\/wp\/v2\/media?parent=8"}],"curies":[{"name":"wp","href":"https:\/\/api.w.org\/{rel}","templated":true}]}}