{"id":940,"date":"2020-01-17T00:03:23","date_gmt":"2020-01-17T00:03:23","guid":{"rendered":"https:\/\/mirandoacuenca.es\/?page_id=940"},"modified":"2021-01-20T15:47:34","modified_gmt":"2021-01-20T15:47:34","slug":"videos-sobre-cuenca-recomendados-mirandoacuenca-es","status":"publish","type":"page","link":"https:\/\/mirandoacuenca.es\/index.php\/videos-sobre-cuenca-recomendados-mirandoacuenca-es\/","title":{"rendered":"Videos sobre Cuenca"},"content":{"rendered":"\t\t<div data-elementor-type=\"wp-page\" data-elementor-id=\"940\" class=\"elementor elementor-940\">\n\t\t\t\t\t\t<section class=\"elementor-section elementor-top-section elementor-element elementor-element-6edc0d2 elementor-section-boxed elementor-section-height-default elementor-section-height-default\" data-id=\"6edc0d2\" data-element_type=\"section\">\n\t\t\t\t\t\t<div class=\"elementor-container elementor-column-gap-default\">\n\t\t\t\t\t<div class=\"elementor-column elementor-col-100 elementor-top-column elementor-element elementor-element-3b80dad\" data-id=\"3b80dad\" data-element_type=\"column\">\n\t\t\t<div class=\"elementor-widget-wrap elementor-element-populated\">\n\t\t\t\t\t\t<div class=\"elementor-element elementor-element-be5fafd elementor-widget elementor-widget-spacer\" data-id=\"be5fafd\" data-element_type=\"widget\" data-widget_type=\"spacer.default\">\n\t\t\t\t<div class=\"elementor-widget-container\">\n\t\t\t\t\t<div class=\"elementor-spacer\">\n\t\t\t<div class=\"elementor-spacer-inner\"><\/div>\n\t\t<\/div>\n\t\t\t\t<\/div>\n\t\t\t\t<\/div>\n\t\t\t\t<div class=\"elementor-element elementor-element-7e7385f elementor-widget elementor-widget-heading\" data-id=\"7e7385f\" data-element_type=\"widget\" data-widget_type=\"heading.default\">\n\t\t\t\t<div class=\"elementor-widget-container\">\n\t\t\t<h2 class=\"elementor-heading-title elementor-size-large\"><a href=\"https:\/\/mirandoacuenca.es\/index.php\/accommodation\/mirando-a-cuenca\/\">Videos sobre Cuenca recomendados mirandoacuenca.es<\/a><\/h2>\t\t<\/div>\n\t\t\t\t<\/div>\n\t\t\t\t<div class=\"elementor-element elementor-element-cc7a501 elementor-widget elementor-widget-spacer\" data-id=\"cc7a501\" data-element_type=\"widget\" data-widget_type=\"spacer.default\">\n\t\t\t\t<div class=\"elementor-widget-container\">\n\t\t\t\t\t<div class=\"elementor-spacer\">\n\t\t\t<div class=\"elementor-spacer-inner\"><\/div>\n\t\t<\/div>\n\t\t\t\t<\/div>\n\t\t\t\t<\/div>\n\t\t\t\t<div class=\"elementor-element elementor-element-1b7a5c1 elementor-widget elementor-widget-spacer\" data-id=\"1b7a5c1\" data-element_type=\"widget\" data-widget_type=\"spacer.default\">\n\t\t\t\t<div class=\"elementor-widget-container\">\n\t\t\t\t\t<div class=\"elementor-spacer\">\n\t\t\t<div class=\"elementor-spacer-inner\"><\/div>\n\t\t<\/div>\n\t\t\t\t<\/div>\n\t\t\t\t<\/div>\n\t\t\t\t\t<\/div>\n\t\t<\/div>\n\t\t\t\t\t<\/div>\n\t\t<\/section>\n\t\t\t\t<section class=\"elementor-section elementor-top-section elementor-element elementor-element-219b57d7 elementor-section-boxed elementor-section-height-default elementor-section-height-default\" data-id=\"219b57d7\" data-element_type=\"section\">\n\t\t\t\t\t\t<div class=\"elementor-container elementor-column-gap-default\">\n\t\t\t\t\t<div class=\"elementor-column elementor-col-100 elementor-top-column elementor-element elementor-element-7c638f81\" data-id=\"7c638f81\" data-element_type=\"column\">\n\t\t\t<div class=\"elementor-widget-wrap elementor-element-populated\">\n\t\t\t\t\t\t<div class=\"elementor-element elementor-element-147f8888 elementor-widget elementor-widget-text-editor\" data-id=\"147f8888\" data-element_type=\"widget\" data-widget_type=\"text-editor.default\">\n\t\t\t\t<div class=\"elementor-widget-container\">\n\t\t\t\t\t\t\t<p><iframe title=\"?Cuenca, Patrimonio de la Humanidad | Documental RTVE\" width=\"768\" height=\"432\" src=\"https:\/\/www.youtube.com\/embed\/JaBt9u6hVz0?feature=oembed\" frameborder=\"0\" allow=\"accelerometer; autoplay; clipboard-write; encrypted-media; gyroscope; picture-in-picture\" allowfullscreen><\/iframe><\/p><p><iframe title=\"SERIE ANIME BASADA EN CUENCA ?\" width=\"768\" height=\"432\" src=\"https:\/\/www.youtube.com\/embed\/tb4FTz7n5Fo?feature=oembed\" frameborder=\"0\" allow=\"accelerometer; autoplay; clipboard-write; encrypted-media; gyroscope; picture-in-picture\" allowfullscreen><\/iframe><\/p><p><iframe title=\"1 d\u00eda en Cuenca, naturaleza y Cultura\" width=\"768\" height=\"432\" src=\"https:\/\/www.youtube.com\/embed\/C4Njsp2aT0c?feature=oembed\" frameborder=\"0\" allow=\"accelerometer; autoplay; clipboard-write; encrypted-media; gyroscope; picture-in-picture\" allowfullscreen><\/iframe><\/p><p><iframe title=\"Cuenca, Patrimonio de la Humanidad (Versi\u00f3n 2D)\" width=\"768\" height=\"432\" src=\"https:\/\/www.youtube.com\/embed\/ayOYBiB1UN0?feature=oembed\" frameborder=\"0\" allow=\"accelerometer; autoplay; clipboard-write; encrypted-media; gyroscope; picture-in-picture\" allowfullscreen><\/iframe><\/p><p><iframe title=\"Semana M\u00fasica Religiosa de Cuenca\" width=\"768\" height=\"432\" src=\"https:\/\/www.youtube.com\/embed\/FU1JADnh6x0?feature=oembed\" frameborder=\"0\" allow=\"accelerometer; autoplay; clipboard-write; encrypted-media; gyroscope; picture-in-picture\" allowfullscreen><\/iframe><\/p><p><iframe title=\"Turbas 2017 Miserere Cuenca. Procesi\u00f3n Camino del Calvario. Viernes Santo.\" width=\"768\" height=\"432\" src=\"https:\/\/www.youtube.com\/embed\/_0Eabijgivk?feature=oembed\" frameborder=\"0\" allow=\"accelerometer; autoplay; clipboard-write; encrypted-media; gyroscope; picture-in-picture\" allowfullscreen><\/iframe><\/p><p><iframe title=\"Streetviu\u0301: Las casas colgadas de #Cuenca | #0\" width=\"768\" height=\"432\" src=\"https:\/\/www.youtube.com\/embed\/E-xgtISkAJc?feature=oembed\" frameborder=\"0\" allow=\"accelerometer; autoplay; clipboard-write; encrypted-media; gyroscope; picture-in-picture\" allowfullscreen><\/iframe><\/p><p><iframe title=\"Streetviu\u0301: Descenso del Puente de San Pablo #Cuenca | #0\" width=\"768\" height=\"432\" src=\"https:\/\/www.youtube.com\/embed\/cOesJE_ewcg?list=PLogB9NzR8bu3BcuAJarsISypfKdN5Ly6A\" frameborder=\"0\" allow=\"accelerometer; autoplay; clipboard-write; encrypted-media; gyroscope; picture-in-picture\" allowfullscreen><\/iframe><\/p><p>\u00a0<\/p><p><iframe title=\"Streetviu\u0301: Carlos Areces y sus a\u00f1os de estudiante #Cuenca | #0\" width=\"768\" height=\"432\" src=\"https:\/\/www.youtube.com\/embed\/HJ64FP_jNvU?feature=oembed\" frameborder=\"0\" allow=\"accelerometer; autoplay; clipboard-write; encrypted-media; gyroscope; picture-in-picture\" allowfullscreen><\/iframe><\/p><p><!-- \/wp:html --><\/p>\t\t\t\t\t\t<\/div>\n\t\t\t\t<\/div>\n\t\t\t\t\t<\/div>\n\t\t<\/div>\n\t\t\t\t\t<\/div>\n\t\t<\/section>\n\t\t\t\t<\/div>\n\t\t","protected":false},"excerpt":{"rendered":"","protected":false},"author":1,"featured_media":0,"parent":0,"menu_order":0,"comment_status":"closed","ping_status":"closed","template":"template-full-width.php","meta":{"footnotes":""},"yoast_head":"<!-- This site is optimized with the Yoast SEO plugin v22.9 - https:\/\/yoast.com\/wordpress\/plugins\/seo\/ -->\n<title>Videos sobre Cuenca recomendados mirandoacuenca.es<\/title>\n<meta name=\"description\" content=\"Videos sobre Cuenca recomendados mirandoacuenca.es, un listado de videos imprescindibles antes de visitarnos en nuestra vivienda turistica\" \/>\n<meta name=\"robots\" content=\"index, follow, max-snippet:-1, max-image-preview:large, max-video-preview:-1\" \/>\n<link rel=\"canonical\" href=\"https:\/\/mirandoacuenca.es\/index.php\/videos-sobre-cuenca-recomendados-mirandoacuenca-es\/\" \/>\n<meta property=\"og:locale\" content=\"es_ES\" \/>\n<meta property=\"og:type\" content=\"article\" \/>\n<meta property=\"og:title\" content=\"Videos sobre Cuenca recomendados mirandoacuenca.es\" \/>\n<meta property=\"og:description\" content=\"Videos sobre Cuenca recomendados mirandoacuenca.es, un listado de videos imprescindibles antes de visitarnos en nuestra vivienda turistica\" \/>\n<meta property=\"og:url\" content=\"https:\/\/mirandoacuenca.es\/index.php\/videos-sobre-cuenca-recomendados-mirandoacuenca-es\/\" \/>\n<meta property=\"og:site_name\" content=\"Alquiler Apartamento Tur\u00edstico Casco hist\u00f3rico de Cuenca\" \/>\n<meta property=\"article:modified_time\" content=\"2021-01-20T15:47:34+00:00\" \/>\n<meta name=\"twitter:card\" content=\"summary_large_image\" \/>\n<meta name=\"twitter:label1\" content=\"Tiempo de lectura\" \/>\n\t<meta name=\"twitter:data1\" content=\"1 minuto\" \/>\n<script type=\"application\/ld+json\" class=\"yoast-schema-graph\">{\"@context\":\"https:\/\/schema.org\",\"@graph\":[{\"@type\":\"WebPage\",\"@id\":\"https:\/\/mirandoacuenca.es\/index.php\/videos-sobre-cuenca-recomendados-mirandoacuenca-es\/\",\"url\":\"https:\/\/mirandoacuenca.es\/index.php\/videos-sobre-cuenca-recomendados-mirandoacuenca-es\/\",\"name\":\"Videos sobre Cuenca recomendados mirandoacuenca.es\",\"isPartOf\":{\"@id\":\"https:\/\/mirandoacuenca.es\/#website\"},\"datePublished\":\"2020-01-17T00:03:23+00:00\",\"dateModified\":\"2021-01-20T15:47:34+00:00\",\"description\":\"Videos sobre Cuenca recomendados mirandoacuenca.es, un listado de videos imprescindibles antes de visitarnos en nuestra vivienda turistica\",\"breadcrumb\":{\"@id\":\"https:\/\/mirandoacuenca.es\/index.php\/videos-sobre-cuenca-recomendados-mirandoacuenca-es\/#breadcrumb\"},\"inLanguage\":\"es\",\"potentialAction\":[{\"@type\":\"ReadAction\",\"target\":[\"https:\/\/mirandoacuenca.es\/index.php\/videos-sobre-cuenca-recomendados-mirandoacuenca-es\/\"]}]},{\"@type\":\"BreadcrumbList\",\"@id\":\"https:\/\/mirandoacuenca.es\/index.php\/videos-sobre-cuenca-recomendados-mirandoacuenca-es\/#breadcrumb\",\"itemListElement\":[{\"@type\":\"ListItem\",\"position\":1,\"name\":\"Portada\",\"item\":\"https:\/\/mirandoacuenca.es\/\"},{\"@type\":\"ListItem\",\"position\":2,\"name\":\"Videos sobre Cuenca\"}]},{\"@type\":\"WebSite\",\"@id\":\"https:\/\/mirandoacuenca.es\/#website\",\"url\":\"https:\/\/mirandoacuenca.es\/\",\"name\":\"Alquiler Apartamento Tur\u00edstico Casco hist\u00f3rico de Cuenca\",\"description\":\"Just another WordPreAlquiler Apartamento Tur\u00edstico Casco hist\u00f3rico de Cuenca, Casa de alquiler en el casco antiguo de Cuenca especial para familias, vacaciones, por d\u00edas, alojamiento vacacional para fines de semana, puentes, Casa rural con Encanto y Acogedora, Casa en Plaza San Nicol\u00e1s y cerca de la catedral de Cuenca, las casas colgadas\",\"publisher\":{\"@id\":\"https:\/\/mirandoacuenca.es\/#organization\"},\"potentialAction\":[{\"@type\":\"SearchAction\",\"target\":{\"@type\":\"EntryPoint\",\"urlTemplate\":\"https:\/\/mirandoacuenca.es\/?s={search_term_string}\"},\"query-input\":\"required name=search_term_string\"}],\"inLanguage\":\"es\"},{\"@type\":\"Organization\",\"@id\":\"https:\/\/mirandoacuenca.es\/#organization\",\"name\":\"Alquiler Apartamento Tur\u00edstico Casco hist\u00f3rico de Cuenca\",\"url\":\"https:\/\/mirandoacuenca.es\/\",\"logo\":{\"@type\":\"ImageObject\",\"inLanguage\":\"es\",\"@id\":\"https:\/\/mirandoacuenca.es\/#\/schema\/logo\/image\/\",\"url\":\"https:\/\/mirandoacuenca.es\/wp-content\/uploads\/2020\/01\/cropped-logo-mirando-a-cuenca-negro.redimensionado.png\",\"contentUrl\":\"https:\/\/mirandoacuenca.es\/wp-content\/uploads\/2020\/01\/cropped-logo-mirando-a-cuenca-negro.redimensionado.png\",\"width\":128,\"height\":80,\"caption\":\"Alquiler Apartamento Tur\u00edstico Casco hist\u00f3rico de Cuenca \"},\"image\":{\"@id\":\"https:\/\/mirandoacuenca.es\/#\/schema\/logo\/image\/\"}}]}<\/script>\n<!-- \/ Yoast SEO plugin. -->","yoast_head_json":{"title":"Videos sobre Cuenca recomendados mirandoacuenca.es","description":"Videos sobre Cuenca recomendados mirandoacuenca.es, un listado de videos imprescindibles antes de visitarnos en nuestra vivienda turistica","robots":{"index":"index","follow":"follow","max-snippet":"max-snippet:-1","max-image-preview":"max-image-preview:large","max-video-preview":"max-video-preview:-1"},"canonical":"https:\/\/mirandoacuenca.es\/index.php\/videos-sobre-cuenca-recomendados-mirandoacuenca-es\/","og_locale":"es_ES","og_type":"article","og_title":"Videos sobre Cuenca recomendados mirandoacuenca.es","og_description":"Videos sobre Cuenca recomendados mirandoacuenca.es, un listado de videos imprescindibles antes de visitarnos en nuestra vivienda turistica","og_url":"https:\/\/mirandoacuenca.es\/index.php\/videos-sobre-cuenca-recomendados-mirandoacuenca-es\/","og_site_name":"Alquiler Apartamento Tur\u00edstico Casco hist\u00f3rico de Cuenca","article_modified_time":"2021-01-20T15:47:34+00:00","twitter_card":"summary_large_image","twitter_misc":{"Tiempo de lectura":"1 minuto"},"schema":{"@context":"https:\/\/schema.org","@graph":[{"@type":"WebPage","@id":"https:\/\/mirandoacuenca.es\/index.php\/videos-sobre-cuenca-recomendados-mirandoacuenca-es\/","url":"https:\/\/mirandoacuenca.es\/index.php\/videos-sobre-cuenca-recomendados-mirandoacuenca-es\/","name":"Videos sobre Cuenca recomendados mirandoacuenca.es","isPartOf":{"@id":"https:\/\/mirandoacuenca.es\/#website"},"datePublished":"2020-01-17T00:03:23+00:00","dateModified":"2021-01-20T15:47:34+00:00","description":"Videos sobre Cuenca recomendados mirandoacuenca.es, un listado de videos imprescindibles antes de visitarnos en nuestra vivienda turistica","breadcrumb":{"@id":"https:\/\/mirandoacuenca.es\/index.php\/videos-sobre-cuenca-recomendados-mirandoacuenca-es\/#breadcrumb"},"inLanguage":"es","potentialAction":[{"@type":"ReadAction","target":["https:\/\/mirandoacuenca.es\/index.php\/videos-sobre-cuenca-recomendados-mirandoacuenca-es\/"]}]},{"@type":"BreadcrumbList","@id":"https:\/\/mirandoacuenca.es\/index.php\/videos-sobre-cuenca-recomendados-mirandoacuenca-es\/#breadcrumb","itemListElement":[{"@type":"ListItem","position":1,"name":"Portada","item":"https:\/\/mirandoacuenca.es\/"},{"@type":"ListItem","position":2,"name":"Videos sobre Cuenca"}]},{"@type":"WebSite","@id":"https:\/\/mirandoacuenca.es\/#website","url":"https:\/\/mirandoacuenca.es\/","name":"Alquiler Apartamento Tur\u00edstico Casco hist\u00f3rico de Cuenca","description":"Just another WordPreAlquiler Apartamento Tur\u00edstico Casco hist\u00f3rico de Cuenca, Casa de alquiler en el casco antiguo de Cuenca especial para familias, vacaciones, por d\u00edas, alojamiento vacacional para fines de semana, puentes, Casa rural con Encanto y Acogedora, Casa en Plaza San Nicol\u00e1s y cerca de la catedral de Cuenca, las casas colgadas","publisher":{"@id":"https:\/\/mirandoacuenca.es\/#organization"},"potentialAction":[{"@type":"SearchAction","target":{"@type":"EntryPoint","urlTemplate":"https:\/\/mirandoacuenca.es\/?s={search_term_string}"},"query-input":"required name=search_term_string"}],"inLanguage":"es"},{"@type":"Organization","@id":"https:\/\/mirandoacuenca.es\/#organization","name":"Alquiler Apartamento Tur\u00edstico Casco hist\u00f3rico de Cuenca","url":"https:\/\/mirandoacuenca.es\/","logo":{"@type":"ImageObject","inLanguage":"es","@id":"https:\/\/mirandoacuenca.es\/#\/schema\/logo\/image\/","url":"https:\/\/mirandoacuenca.es\/wp-content\/uploads\/2020\/01\/cropped-logo-mirando-a-cuenca-negro.redimensionado.png","contentUrl":"https:\/\/mirandoacuenca.es\/wp-content\/uploads\/2020\/01\/cropped-logo-mirando-a-cuenca-negro.redimensionado.png","width":128,"height":80,"caption":"Alquiler Apartamento Tur\u00edstico Casco hist\u00f3rico de Cuenca "},"image":{"@id":"https:\/\/mirandoacuenca.es\/#\/schema\/logo\/image\/"}}]}},"_links":{"self":[{"href":"https:\/\/mirandoacuenca.es\/index.php\/wp-json\/wp\/v2\/pages\/940"}],"collection":[{"href":"https:\/\/mirandoacuenca.es\/index.php\/wp-json\/wp\/v2\/pages"}],"about":[{"href":"https:\/\/mirandoacuenca.es\/index.php\/wp-json\/wp\/v2\/types\/page"}],"author":[{"embeddable":true,"href":"https:\/\/mirandoacuenca.es\/index.php\/wp-json\/wp\/v2\/users\/1"}],"replies":[{"embeddable":true,"href":"https:\/\/mirandoacuenca.es\/index.php\/wp-json\/wp\/v2\/comments?post=940"}],"version-history":[{"count":34,"href":"https:\/\/mirandoacuenca.es\/index.php\/wp-json\/wp\/v2\/pages\/940\/revisions"}],"predecessor-version":[{"id":3437,"href":"https:\/\/mirandoacuenca.es\/index.php\/wp-json\/wp\/v2\/pages\/940\/revisions\/3437"}],"wp:attachment":[{"href":"https:\/\/mirandoacuenca.es\/index.php\/wp-json\/wp\/v2\/media?parent=940"}],"curies":[{"name":"wp","href":"https:\/\/api.w.org\/{rel}","templated":true}]}}